{"id":847,"date":"2023-11-16T15:14:05","date_gmt":"2023-11-16T15:14:05","guid":{"rendered":"https:\/\/revalgroup.ee\/?page_id=847"},"modified":"2024-03-09T13:01:37","modified_gmt":"2024-03-09T13:01:37","slug":"teata-liiklusonnetusest","status":"publish","type":"page","link":"https:\/\/revalgroup.ee\/ru\/teata-liiklusonnetusest\/","title":{"rendered":"\u0421\u043e\u043e\u0431\u0449\u0438\u0442\u044c \u043e \u0414\u0422\u041f"},"content":{"rendered":"<div data-elementor-type=\"wp-page\" data-elementor-id=\"847\" class=\"elementor elementor-847\" data-elementor-post-type=\"page\">\n\t\t\t\t<div class=\"elementor-element elementor-element-a281380 e-con-full e-flex e-con e-parent\" data-id=\"a281380\" data-element_type=\"container\" data-settings=\"{&quot;background_background&quot;:&quot;classic&quot;}\">\n\t\t\t\t<div class=\"elementor-element elementor-element-650cbd3 elementor-widget__width-initial elementor-widget elementor-widget-html\" data-id=\"650cbd3\" data-element_type=\"widget\" data-widget_type=\"html.default\">\n\t\t\t\t<div class=\"elementor-widget-container\">\n\t\t\t\t\t <div><iframe src=\"https:\/\/avarii.lkf.ee\/\" height=\"800px\" width=\"800px\" title=\"Iframe Example\"><\/iframe> \n \n <\/div>\t\t\t\t<\/div>\n\t\t\t\t<\/div>\n\t\t\t\t<div class=\"elementor-element elementor-element-6b53f8a elementor-widget__width-initial elementor-widget elementor-widget-text-editor\" data-id=\"6b53f8a\" data-element_type=\"widget\" data-widget_type=\"text-editor.default\">\n\t\t\t\t<div class=\"elementor-widget-container\">\n\t\t\t\t\t\t\t\t\t<div class=\"av-special-heading av-special-heading-h4 custom-color-heading   avia-builder-el-18  el_before_av_one_full  avia-builder-el-first\"><h4 class=\"av-special-heading-tag\">\u041c\u044b \u0434\u043e\u0441\u0442\u0430\u0432\u0438\u043c \u0432\u0430\u0441 \u043a \u043d\u0430\u043c \u0431\u0435\u0441\u043f\u043b\u0430\u0442\u043d\u043e \u0442\u0430\u043a\u0441\u0438<\/h4><div class=\"special-heading-border\"><div class=\"special-heading-inner-border\">\u00a0<\/div><\/div><\/div><div class=\"flex_column_table av-equal-height-column-flextable -flextable\"><div class=\"flex_column av_one_full  flex_column_table_cell av-equal-height-column av-align-middle av-zero-column-padding first  avia-builder-el-19  el_after_av_heading  avia-builder-el-last\"><section class=\"av_textblock_section\"><div class=\"avia_textblock\"><p class=\"translation-block\">\"\u041d\u0435 \u0431\u0435\u0441\u043f\u043e\u043a\u043e\u0439\u0442\u0435\u0441\u044c \u043e \u043b\u0438\u0448\u043d\u0435\u0439 \u043b\u043e\u0433\u0438\u0441\u0442\u0438\u043a\u0435 \u0438 \u0432\u043e\u0441\u043f\u043e\u043b\u044c\u0437\u0443\u0439\u0442\u0435\u0441\u044c \u0432\u043e\u0437\u043c\u043e\u0436\u043d\u043e\u0441\u0442\u044c\u044e \u0434\u043e\u0435\u0445\u0430\u0442\u044c \u0434\u043e \u043d\u0430\u0441 \u0442\u0430\u043a\u0441\u0438 <strong>Tallink<\/strong>. \u041f\u043e\u0441\u043b\u0435 \u0434\u043e\u0440\u043e\u0436\u043d\u043e-\u0442\u0440\u0430\u043d\u0441\u043f\u043e\u0440\u0442\u043d\u043e\u0433\u043e \u043f\u0440\u043e\u0438\u0441\u0448\u0435\u0441\u0442\u0432\u0438\u044f \u0432\u044b \u0441\u043c\u043e\u0436\u0435\u0442\u0435 \u0431\u044b\u0441\u0442\u0440\u043e \u0438 \u0443\u0434\u043e\u0431\u043d\u043e \u043e\u0444\u043e\u0440\u043c\u0438\u0442\u044c \u043d\u0435\u043e\u0431\u0445\u043e\u0434\u0438\u043c\u044b\u0435 \u0434\u043e\u043a\u0443\u043c\u0435\u043d\u0442\u044b \u0443 \u043d\u0430\u0441, \u0438 \u043c\u044b \u043f\u0440\u0435\u0434\u043e\u0441\u0442\u0430\u0432\u0438\u043c \u0432\u0430\u043c \u0442\u0430\u043a\u0441\u0438 \u0434\u043e \u043d\u0443\u0436\u043d\u043e\u0433\u043e \u0432\u0430\u043c \u043c\u0435\u0441\u0442\u0430 (\u0434\u043e\u043c\u043e\u0439, \u043d\u0430 \u0440\u0430\u0431\u043e\u0442\u0443).\"<\/p><p>T\u00f6\u00f6de l\u00f5ppedes \u00a0toome Teid taksoga autole j\u00e4rgi. <strong>M\u00f5lemad s\u00f5idud teed meie kulul.<\/strong><\/p><\/div><\/section><\/div><\/div>\t\t\t\t\t\t\t\t<\/div>\n\t\t\t\t<\/div>\n\t\t\t\t<\/div>\n\t\t\t\t<\/div>","protected":false},"excerpt":{"rendered":"<p>S\u00f5idutame Sind taksoga TASUTA meie juurde \u00a0 \u00c4ra muretse liigse logistika p\u00e4rast ja kasuta v\u00f5imalust s\u00f5ita meie juurde Tallink taksoga. Peale liiklus\u00f5nnetust saate kiirelt ja mugavalt meie juures vajalikud dokumedid korda ajada ning s\u00f5idutame teid taksoga endale vajalikku sihtpunkti (koju, t\u00f6\u00f6le). T\u00f6\u00f6de l\u00f5ppedes \u00a0toome Teid taksoga autole j\u00e4rgi. M\u00f5lemad s\u00f5idud teed meie kulul.<\/p>","protected":false},"author":1,"featured_media":0,"parent":0,"menu_order":0,"comment_status":"closed","ping_status":"closed","template":"","meta":{"footnotes":""},"class_list":["post-847","page","type-page","status-publish","hentry"],"yoast_head":"<!-- This site is optimized with the Yoast SEO plugin v27.1.1 - https:\/\/yoast.com\/product\/yoast-seo-wordpress\/ -->\n<title>Teata liiklus\u00f5nnetusest - Revalgroup<\/title>\n<meta name=\"description\" content=\"Reval Group on s\u00f5iduki kahjuk\u00e4sitluse koost\u00f6\u00f6partnerist t\u00f6\u00f6koda. Registreeri kahjujuhtum ning esita dokumendid meile ja kindlustusele.\" \/>\n<meta name=\"robots\" content=\"index, follow, max-snippet:-1, max-image-preview:large, max-video-preview:-1\" \/>\n<link rel=\"canonical\" href=\"https:\/\/revalgroup.ee\/ru\/teata-liiklusonnetusest\/\" \/>\n<meta property=\"og:locale\" content=\"ru_RU\" \/>\n<meta property=\"og:type\" content=\"article\" \/>\n<meta property=\"og:title\" content=\"Teata liiklus\u00f5nnetusest - Revalgroup\" \/>\n<meta property=\"og:description\" content=\"Reval Group on s\u00f5iduki kahjuk\u00e4sitluse koost\u00f6\u00f6partnerist t\u00f6\u00f6koda. Registreeri kahjujuhtum ning esita dokumendid meile ja kindlustusele.\" \/>\n<meta property=\"og:url\" content=\"https:\/\/revalgroup.ee\/ru\/teata-liiklusonnetusest\/\" \/>\n<meta property=\"og:site_name\" content=\"Revalgroup\" \/>\n<meta property=\"article:modified_time\" content=\"2024-03-09T13:01:37+00:00\" \/>\n<meta name=\"twitter:card\" content=\"summary_large_image\" \/>\n<meta name=\"twitter:label1\" content=\"\u041f\u0440\u0438\u043c\u0435\u0440\u043d\u043e\u0435 \u0432\u0440\u0435\u043c\u044f \u0434\u043b\u044f \u0447\u0442\u0435\u043d\u0438\u044f\" \/>\n\t<meta name=\"twitter:data1\" content=\"1 \u043c\u0438\u043d\u0443\u0442\u0430\" \/>\n<script type=\"application\/ld+json\" class=\"yoast-schema-graph\">{\"@context\":\"https:\/\/schema.org\",\"@graph\":[{\"@type\":\"WebPage\",\"@id\":\"https:\/\/revalgroup.ee\/teata-liiklusonnetusest\/\",\"url\":\"https:\/\/revalgroup.ee\/teata-liiklusonnetusest\/\",\"name\":\"Teata liiklus\u00f5nnetusest - Revalgroup\",\"isPartOf\":{\"@id\":\"https:\/\/revalgroup.ee\/#website\"},\"datePublished\":\"2023-11-16T15:14:05+00:00\",\"dateModified\":\"2024-03-09T13:01:37+00:00\",\"description\":\"Reval Group on s\u00f5iduki kahjuk\u00e4sitluse koost\u00f6\u00f6partnerist t\u00f6\u00f6koda. Registreeri kahjujuhtum ning esita dokumendid meile ja kindlustusele.\",\"breadcrumb\":{\"@id\":\"https:\/\/revalgroup.ee\/teata-liiklusonnetusest\/#breadcrumb\"},\"inLanguage\":\"ru-RU\",\"potentialAction\":[{\"@type\":\"ReadAction\",\"target\":[\"https:\/\/revalgroup.ee\/teata-liiklusonnetusest\/\"]}]},{\"@type\":\"BreadcrumbList\",\"@id\":\"https:\/\/revalgroup.ee\/teata-liiklusonnetusest\/#breadcrumb\",\"itemListElement\":[{\"@type\":\"ListItem\",\"position\":1,\"name\":\"Esileht\",\"item\":\"https:\/\/revalgroup.ee\/\"},{\"@type\":\"ListItem\",\"position\":2,\"name\":\"Teata liiklus\u00f5nnetusest\"}]},{\"@type\":\"WebSite\",\"@id\":\"https:\/\/revalgroup.ee\/#website\",\"url\":\"https:\/\/revalgroup.ee\/\",\"name\":\"Revalgroup\",\"description\":\"\",\"publisher\":{\"@id\":\"https:\/\/revalgroup.ee\/#organization\"},\"potentialAction\":[{\"@type\":\"SearchAction\",\"target\":{\"@type\":\"EntryPoint\",\"urlTemplate\":\"https:\/\/revalgroup.ee\/?s={search_term_string}\"},\"query-input\":{\"@type\":\"PropertyValueSpecification\",\"valueRequired\":true,\"valueName\":\"search_term_string\"}}],\"inLanguage\":\"ru-RU\"},{\"@type\":\"Organization\",\"@id\":\"https:\/\/revalgroup.ee\/#organization\",\"name\":\"Revalgroup\",\"url\":\"https:\/\/revalgroup.ee\/\",\"logo\":{\"@type\":\"ImageObject\",\"inLanguage\":\"ru-RU\",\"@id\":\"https:\/\/revalgroup.ee\/#\/schema\/logo\/image\/\",\"url\":\"https:\/\/revalgroup.ee\/wp-content\/uploads\/2023\/06\/revalgroup-logo-must1-ai.svg\",\"contentUrl\":\"https:\/\/revalgroup.ee\/wp-content\/uploads\/2023\/06\/revalgroup-logo-must1-ai.svg\",\"width\":902,\"height\":492,\"caption\":\"Revalgroup\"},\"image\":{\"@id\":\"https:\/\/revalgroup.ee\/#\/schema\/logo\/image\/\"}}]}<\/script>\n<!-- \/ Yoast SEO plugin. -->","yoast_head_json":{"title":"Teata liiklus\u00f5nnetusest - Revalgroup","description":"Reval Group on s\u00f5iduki kahjuk\u00e4sitluse koost\u00f6\u00f6partnerist t\u00f6\u00f6koda. Registreeri kahjujuhtum ning esita dokumendid meile ja kindlustusele.","robots":{"index":"index","follow":"follow","max-snippet":"max-snippet:-1","max-image-preview":"max-image-preview:large","max-video-preview":"max-video-preview:-1"},"canonical":"https:\/\/revalgroup.ee\/ru\/teata-liiklusonnetusest\/","og_locale":"ru_RU","og_type":"article","og_title":"Teata liiklus\u00f5nnetusest - Revalgroup","og_description":"Reval Group on s\u00f5iduki kahjuk\u00e4sitluse koost\u00f6\u00f6partnerist t\u00f6\u00f6koda. Registreeri kahjujuhtum ning esita dokumendid meile ja kindlustusele.","og_url":"https:\/\/revalgroup.ee\/ru\/teata-liiklusonnetusest\/","og_site_name":"Revalgroup","article_modified_time":"2024-03-09T13:01:37+00:00","twitter_card":"summary_large_image","twitter_misc":{"\u041f\u0440\u0438\u043c\u0435\u0440\u043d\u043e\u0435 \u0432\u0440\u0435\u043c\u044f \u0434\u043b\u044f \u0447\u0442\u0435\u043d\u0438\u044f":"1 \u043c\u0438\u043d\u0443\u0442\u0430"},"schema":{"@context":"https:\/\/schema.org","@graph":[{"@type":"WebPage","@id":"https:\/\/revalgroup.ee\/teata-liiklusonnetusest\/","url":"https:\/\/revalgroup.ee\/teata-liiklusonnetusest\/","name":"Teata liiklus\u00f5nnetusest - Revalgroup","isPartOf":{"@id":"https:\/\/revalgroup.ee\/#website"},"datePublished":"2023-11-16T15:14:05+00:00","dateModified":"2024-03-09T13:01:37+00:00","description":"Reval Group on s\u00f5iduki kahjuk\u00e4sitluse koost\u00f6\u00f6partnerist t\u00f6\u00f6koda. Registreeri kahjujuhtum ning esita dokumendid meile ja kindlustusele.","breadcrumb":{"@id":"https:\/\/revalgroup.ee\/teata-liiklusonnetusest\/#breadcrumb"},"inLanguage":"ru-RU","potentialAction":[{"@type":"ReadAction","target":["https:\/\/revalgroup.ee\/teata-liiklusonnetusest\/"]}]},{"@type":"BreadcrumbList","@id":"https:\/\/revalgroup.ee\/teata-liiklusonnetusest\/#breadcrumb","itemListElement":[{"@type":"ListItem","position":1,"name":"Esileht","item":"https:\/\/revalgroup.ee\/"},{"@type":"ListItem","position":2,"name":"Teata liiklus\u00f5nnetusest"}]},{"@type":"WebSite","@id":"https:\/\/revalgroup.ee\/#website","url":"https:\/\/revalgroup.ee\/","name":"Revalgroup","description":"","publisher":{"@id":"https:\/\/revalgroup.ee\/#organization"},"potentialAction":[{"@type":"SearchAction","target":{"@type":"EntryPoint","urlTemplate":"https:\/\/revalgroup.ee\/?s={search_term_string}"},"query-input":{"@type":"PropertyValueSpecification","valueRequired":true,"valueName":"search_term_string"}}],"inLanguage":"ru-RU"},{"@type":"Organization","@id":"https:\/\/revalgroup.ee\/#organization","name":"Revalgroup","url":"https:\/\/revalgroup.ee\/","logo":{"@type":"ImageObject","inLanguage":"ru-RU","@id":"https:\/\/revalgroup.ee\/#\/schema\/logo\/image\/","url":"https:\/\/revalgroup.ee\/wp-content\/uploads\/2023\/06\/revalgroup-logo-must1-ai.svg","contentUrl":"https:\/\/revalgroup.ee\/wp-content\/uploads\/2023\/06\/revalgroup-logo-must1-ai.svg","width":902,"height":492,"caption":"Revalgroup"},"image":{"@id":"https:\/\/revalgroup.ee\/#\/schema\/logo\/image\/"}}]}},"_links":{"self":[{"href":"https:\/\/revalgroup.ee\/ru\/wp-json\/wp\/v2\/pages\/847","targetHints":{"allow":["GET"]}}],"collection":[{"href":"https:\/\/revalgroup.ee\/ru\/wp-json\/wp\/v2\/pages"}],"about":[{"href":"https:\/\/revalgroup.ee\/ru\/wp-json\/wp\/v2\/types\/page"}],"author":[{"embeddable":true,"href":"https:\/\/revalgroup.ee\/ru\/wp-json\/wp\/v2\/users\/1"}],"replies":[{"embeddable":true,"href":"https:\/\/revalgroup.ee\/ru\/wp-json\/wp\/v2\/comments?post=847"}],"version-history":[{"count":7,"href":"https:\/\/revalgroup.ee\/ru\/wp-json\/wp\/v2\/pages\/847\/revisions"}],"predecessor-version":[{"id":856,"href":"https:\/\/revalgroup.ee\/ru\/wp-json\/wp\/v2\/pages\/847\/revisions\/856"}],"wp:attachment":[{"href":"https:\/\/revalgroup.ee\/ru\/wp-json\/wp\/v2\/media?parent=847"}],"curies":[{"name":"wp","href":"https:\/\/api.w.org\/{rel}","templated":true}]}}