{"id":522,"date":"2023-06-20T07:53:33","date_gmt":"2023-06-20T07:53:33","guid":{"rendered":"https:\/\/revalgroup.ee\/?page_id=522"},"modified":"2026-01-26T10:23:05","modified_gmt":"2026-01-26T08:23:05","slug":"autopesu","status":"publish","type":"page","link":"https:\/\/revalgroup.ee\/ru\/autopesu\/","title":{"rendered":"\u0410\u0432\u0442\u043e\u043c\u043e\u0439\u043a\u0430"},"content":{"rendered":"<div data-elementor-type=\"wp-page\" data-elementor-id=\"522\" class=\"elementor elementor-522\" data-elementor-post-type=\"page\">\n\t\t\t\t<div class=\"elementor-element elementor-element-7ecebaea e-flex e-con-boxed e-con e-parent\" data-id=\"7ecebaea\" data-element_type=\"container\" data-settings=\"{&quot;background_background&quot;:&quot;classic&quot;}\">\n\t\t\t\t\t<div class=\"e-con-inner\">\n\t\t<div class=\"elementor-element elementor-element-5af86500 e-con-full e-flex e-con e-child\" data-id=\"5af86500\" data-element_type=\"container\">\n\t\t\t\t<div class=\"elementor-element elementor-element-5b6c23c5 elementor-widget elementor-widget-text-editor\" data-id=\"5b6c23c5\" data-element_type=\"widget\" data-widget_type=\"text-editor.default\">\n\t\t\t\t<div class=\"elementor-widget-container\">\n\t\t\t\t\t\t\t\t\t<p>\u041f\u0440\u043e\u0441\u0442\u0430\u044f \u043b\u043e\u0433\u0438\u043a\u0430 \u043f\u043e\u0434\u0441\u043a\u0430\u0437\u044b\u0432\u0430\u0435\u0442, \u0447\u0442\u043e \u043c\u0430\u0448\u0438\u043d\u0443 \u043d\u0443\u0436\u043d\u043e \u043c\u044b\u0442\u044c, \u043a\u043e\u0433\u0434\u0430 \u043e\u043d\u0430 \u0441\u0442\u0430\u043d\u043e\u0432\u0438\u0442\u0441\u044f \u0433\u0440\u044f\u0437\u043d\u043e\u0439. \u041d\u0435\u0442 \u043e\u043f\u0440\u0435\u0434\u0435\u043b\u0435\u043d\u043d\u043e\u0433\u043e \u0438\u043d\u0442\u0435\u0440\u0432\u0430\u043b\u0430, \u043a\u043e\u0433\u0434\u0430 \u044d\u0442\u043e \u0441\u043b\u0435\u0434\u0443\u0435\u0442 \u0434\u0435\u043b\u0430\u0442\u044c. \u042d\u0442\u043e \u0437\u0430\u0432\u0438\u0441\u0438\u0442 \u043e\u0442 \u043f\u043e\u0433\u043e\u0434\u044b \u0438 \u043e\u0442 \u0442\u043e\u0433\u043e, \u043f\u043e \u043a\u0430\u043a\u0438\u043c \u0434\u043e\u0440\u043e\u0433\u0430\u043c \u0435\u0437\u0434\u0438\u043b\u0438 \u043d\u0430 \u0430\u0432\u0442\u043e\u043c\u043e\u0431\u0438\u043b\u0435. \u0418\u0434\u0435\u0430\u043b\u044c\u043d\u044b\u043c \u0432\u0430\u0440\u0438\u0430\u043d\u0442\u043e\u043c \u0431\u044b\u043b\u043e \u0431\u044b \u043c\u044b\u0442\u044c \u0430\u0432\u0442\u043e\u043c\u043e\u0431\u0438\u043b\u044c \u043a\u0430\u0436\u0434\u0443\u044e \u043d\u0435\u0434\u0435\u043b\u044e, \u043d\u043e \u0442\u0430\u043a\u0436\u0435 \u0445\u043e\u0440\u043e\u0448\u043e, \u0435\u0441\u043b\u0438 \u044d\u0442\u043e \u0434\u0435\u043b\u0430\u0435\u0442\u0441\u044f \u0440\u0430\u0437 \u0432 \u0434\u0432\u0435 \u0438\u043b\u0438 \u0442\u0440\u0438 \u043d\u0435\u0434\u0435\u043b\u0438.<\/p><p>\u0421\u0442\u0430\u0440\u0430\u044f \u043f\u0440\u0430\u0432\u0434\u0430 \u0433\u043b\u0430\u0441\u0438\u0442, \u0447\u0442\u043e \u043a\u0440\u0430\u0441\u0438\u0432\u044b\u0439 \u0430\u0432\u0442\u043e\u043c\u043e\u0431\u0438\u043b\u044c - \u044d\u0442\u043e \u0447\u0438\u0441\u0442\u044b\u0439 \u0430\u0432\u0442\u043e\u043c\u043e\u0431\u0438\u043b\u044c!<\/p><p>Pakume igas suurueses autodele sise- ja v\u00e4lipesu. Omame aastatepikkust kogemust ning pakume kvaliteetset autopesu teenust. Hoolime oma klientidest ja meie eesm\u00e4rk on, et igast uuest kliendist saaks p\u00fcsiklient. Sellep\u00e4rast on meil ka pidevad sooduspakkumised!<\/p>\t\t\t\t\t\t\t\t<\/div>\n\t\t\t\t<\/div>\n\t\t\t\t<\/div>\n\t\t\t\t\t<\/div>\n\t\t\t\t<\/div>\n\t\t<div class=\"elementor-element elementor-element-248fbf66 e-con-full e-flex e-con e-parent\" data-id=\"248fbf66\" data-element_type=\"container\" data-settings=\"{&quot;background_background&quot;:&quot;classic&quot;}\">\n\t\t<div class=\"elementor-element elementor-element-12c4c2c8 e-con-full e-flex e-con e-child\" data-id=\"12c4c2c8\" data-element_type=\"container\">\n\t\t\t\t<div class=\"elementor-element elementor-element-4204abf2 elementor-widget elementor-widget-heading\" data-id=\"4204abf2\" data-element_type=\"widget\" data-widget_type=\"heading.default\">\n\t\t\t\t<div class=\"elementor-widget-container\">\n\t\t\t\t\t<h2 class=\"elementor-heading-title elementor-size-default\">Pigipesu \u20ac35,00 (km-ga)<\/h2>\t\t\t\t<\/div>\n\t\t\t\t<\/div>\n\t\t\t\t<div class=\"elementor-element elementor-element-734a558 elementor-widget elementor-widget-button\" data-id=\"734a558\" data-element_type=\"widget\" data-widget_type=\"button.default\">\n\t\t\t\t<div class=\"elementor-widget-container\">\n\t\t\t\t\t\t\t\t\t<div class=\"elementor-button-wrapper\">\n\t\t\t\t\t<a class=\"elementor-button elementor-button-link elementor-size-sm\" href=\"#bronn\">\n\t\t\t\t\t\t<span class=\"elementor-button-content-wrapper\">\n\t\t\t\t\t\t\t\t\t<span class=\"elementor-button-text\">\u0417\u0430\u043f\u0438\u0448\u0438\u0442\u0435\u0441\u044c \u043d\u0430 \u043f\u0440\u0438\u0435\u043c<\/span>\n\t\t\t\t\t<\/span>\n\t\t\t\t\t<\/a>\n\t\t\t\t<\/div>\n\t\t\t\t\t\t\t\t<\/div>\n\t\t\t\t<\/div>\n\t\t\t\t<\/div>\n\t\t<div class=\"elementor-element elementor-element-296db973 e-con-full e-flex e-con e-child\" data-id=\"296db973\" data-element_type=\"container\">\n\t\t\t\t<div class=\"elementor-element elementor-element-33554b8c elementor-widget elementor-widget-image\" data-id=\"33554b8c\" data-element_type=\"widget\" data-widget_type=\"image.default\">\n\t\t\t\t<div class=\"elementor-widget-container\">\n\t\t\t\t\t\t\t\t\t\t\t\t\t\t\t<img decoding=\"async\" width=\"1\" height=\"1\" src=\"https:\/\/revalgroup.ee\/wp-content\/uploads\/2023\/12\/pigipesu.avif\" class=\"attachment-large size-large wp-image-992\" alt=\"\" \/>\t\t\t\t\t\t\t\t\t\t\t\t\t\t\t<\/div>\n\t\t\t\t<\/div>\n\t\t\t\t<\/div>\n\t\t\t\t<\/div>\n\t\t<div class=\"elementor-element elementor-element-3d19c17e e-con-full e-flex e-con e-parent\" data-id=\"3d19c17e\" data-element_type=\"container\" data-settings=\"{&quot;background_background&quot;:&quot;classic&quot;}\">\n\t\t<div class=\"elementor-element elementor-element-562b1e62 e-con-full e-flex e-con e-child\" data-id=\"562b1e62\" data-element_type=\"container\">\n\t\t\t\t<div class=\"elementor-element elementor-element-4ffe6349 elementor-widget elementor-widget-heading\" data-id=\"4ffe6349\" data-element_type=\"widget\" data-widget_type=\"heading.default\">\n\t\t\t\t<div class=\"elementor-widget-container\">\n\t\t\t\t\t<h2 class=\"elementor-heading-title elementor-size-default\">Salongi puhastus (sisekoristus tolmuimeja jm) \u20ac35,00\u00a0(km-ga)<\/h2>\t\t\t\t<\/div>\n\t\t\t\t<\/div>\n\t\t\t\t<div class=\"elementor-element elementor-element-475ec9d elementor-widget elementor-widget-button\" data-id=\"475ec9d\" data-element_type=\"widget\" data-widget_type=\"button.default\">\n\t\t\t\t<div class=\"elementor-widget-container\">\n\t\t\t\t\t\t\t\t\t<div class=\"elementor-button-wrapper\">\n\t\t\t\t\t<a class=\"elementor-button elementor-button-link elementor-size-sm\" href=\"#bronn\">\n\t\t\t\t\t\t<span class=\"elementor-button-content-wrapper\">\n\t\t\t\t\t\t\t\t\t<span class=\"elementor-button-text\">\u0417\u0430\u043f\u0438\u0448\u0438\u0442\u0435\u0441\u044c \u043d\u0430 \u043f\u0440\u0438\u0435\u043c<\/span>\n\t\t\t\t\t<\/span>\n\t\t\t\t\t<\/a>\n\t\t\t\t<\/div>\n\t\t\t\t\t\t\t\t<\/div>\n\t\t\t\t<\/div>\n\t\t\t\t<\/div>\n\t\t<div class=\"elementor-element elementor-element-3ff6b97a e-con-full e-flex e-con e-child\" data-id=\"3ff6b97a\" data-element_type=\"container\">\n\t\t\t\t<div class=\"elementor-element elementor-element-2d37c0f8 elementor-widget elementor-widget-image\" data-id=\"2d37c0f8\" data-element_type=\"widget\" data-widget_type=\"image.default\">\n\t\t\t\t<div class=\"elementor-widget-container\">\n\t\t\t\t\t\t\t\t\t\t\t\t\t\t\t<img fetchpriority=\"high\" decoding=\"async\" width=\"626\" height=\"417\" src=\"https:\/\/revalgroup.ee\/wp-content\/uploads\/2023\/12\/car-dry-cleaner-is-using-extraction-machine-removing-stains-dirt-from-textile-seats-closeup-dry-cleaning-extractor-machine-is-spraying-water-detergent-textile-seat-inside-car_255847-10099.jpg\" class=\"attachment-large size-large wp-image-975\" alt=\"\" srcset=\"https:\/\/revalgroup.ee\/wp-content\/uploads\/2023\/12\/car-dry-cleaner-is-using-extraction-machine-removing-stains-dirt-from-textile-seats-closeup-dry-cleaning-extractor-machine-is-spraying-water-detergent-textile-seat-inside-car_255847-10099.jpg 626w, https:\/\/revalgroup.ee\/wp-content\/uploads\/2023\/12\/car-dry-cleaner-is-using-extraction-machine-removing-stains-dirt-from-textile-seats-closeup-dry-cleaning-extractor-machine-is-spraying-water-detergent-textile-seat-inside-car_255847-10099-300x200.jpg 300w, https:\/\/revalgroup.ee\/wp-content\/uploads\/2023\/12\/car-dry-cleaner-is-using-extraction-machine-removing-stains-dirt-from-textile-seats-closeup-dry-cleaning-extractor-machine-is-spraying-water-detergent-textile-seat-inside-car_255847-10099-18x12.jpg 18w\" sizes=\"(max-width: 626px) 100vw, 626px\" \/>\t\t\t\t\t\t\t\t\t\t\t\t\t\t\t<\/div>\n\t\t\t\t<\/div>\n\t\t\t\t<\/div>\n\t\t\t\t<\/div>\n\t\t<div class=\"elementor-element elementor-element-5bfb7a6 e-con-full e-flex e-con e-parent\" data-id=\"5bfb7a6\" data-element_type=\"container\" data-settings=\"{&quot;background_background&quot;:&quot;classic&quot;}\">\n\t\t<div class=\"elementor-element elementor-element-d5ab38f e-con-full e-flex e-con e-child\" data-id=\"d5ab38f\" data-element_type=\"container\">\n\t\t\t\t<div class=\"elementor-element elementor-element-7b6cbde elementor-widget elementor-widget-heading\" data-id=\"7b6cbde\" data-element_type=\"widget\" data-widget_type=\"heading.default\">\n\t\t\t\t<div class=\"elementor-widget-container\">\n\t\t\t\t\t<h2 class=\"elementor-heading-title elementor-size-default\">Koristuspakett \n(salongi korralik koristus+ pigipesu) \u20ac65,00 (km-ga)<\/h2>\t\t\t\t<\/div>\n\t\t\t\t<\/div>\n\t\t\t\t<div class=\"elementor-element elementor-element-eeac168 elementor-widget elementor-widget-button\" data-id=\"eeac168\" data-element_type=\"widget\" data-widget_type=\"button.default\">\n\t\t\t\t<div class=\"elementor-widget-container\">\n\t\t\t\t\t\t\t\t\t<div class=\"elementor-button-wrapper\">\n\t\t\t\t\t<a class=\"elementor-button elementor-button-link elementor-size-sm\" href=\"#bronn\">\n\t\t\t\t\t\t<span class=\"elementor-button-content-wrapper\">\n\t\t\t\t\t\t\t\t\t<span class=\"elementor-button-text\">\u0417\u0430\u043f\u0438\u0448\u0438\u0442\u0435\u0441\u044c \u043d\u0430 \u043f\u0440\u0438\u0435\u043c<\/span>\n\t\t\t\t\t<\/span>\n\t\t\t\t\t<\/a>\n\t\t\t\t<\/div>\n\t\t\t\t\t\t\t\t<\/div>\n\t\t\t\t<\/div>\n\t\t\t\t<\/div>\n\t\t<div class=\"elementor-element elementor-element-4d8eb3b e-con-full e-flex e-con e-child\" data-id=\"4d8eb3b\" data-element_type=\"container\">\n\t\t\t\t<div class=\"elementor-element elementor-element-fe50d8b elementor-widget elementor-widget-image\" data-id=\"fe50d8b\" data-element_type=\"widget\" data-widget_type=\"image.default\">\n\t\t\t\t<div class=\"elementor-widget-container\">\n\t\t\t\t\t\t\t\t\t\t\t\t\t\t\t<img decoding=\"async\" width=\"800\" height=\"480\" src=\"https:\/\/revalgroup.ee\/wp-content\/uploads\/2025\/10\/cotswold_valet_03.webp\" class=\"attachment-large size-large wp-image-1705\" alt=\"\" srcset=\"https:\/\/revalgroup.ee\/wp-content\/uploads\/2025\/10\/cotswold_valet_03.webp 833w, https:\/\/revalgroup.ee\/wp-content\/uploads\/2025\/10\/cotswold_valet_03-300x180.webp 300w, https:\/\/revalgroup.ee\/wp-content\/uploads\/2025\/10\/cotswold_valet_03-768x461.webp 768w, https:\/\/revalgroup.ee\/wp-content\/uploads\/2025\/10\/cotswold_valet_03-18x12.webp 18w\" sizes=\"(max-width: 800px) 100vw, 800px\" \/>\t\t\t\t\t\t\t\t\t\t\t\t\t\t\t<\/div>\n\t\t\t\t<\/div>\n\t\t\t\t<\/div>\n\t\t\t\t<\/div>\n\t\t<div class=\"elementor-element elementor-element-6008fee e-flex e-con-boxed e-con e-parent\" data-id=\"6008fee\" data-element_type=\"container\">\n\t\t\t\t\t<div class=\"e-con-inner\">\n\t\t\t\t<div class=\"elementor-element elementor-element-92e39d9 elementor-widget elementor-widget-stepbooking\" data-id=\"92e39d9\" data-element_type=\"widget\" id=\"bronn\" data-widget_type=\"stepbooking.default\">\n\t\t\t\t<div class=\"elementor-widget-container\">\n\t\t\t\t\t\n<script>\n  if (typeof hasAmeliaEntitiesApiCall === 'undefined' && ('' === '' && '' !== '1')) {\n    var hasAmeliaEntitiesApiCall = true;\n  }\n  var ameliaShortcodeData = (typeof ameliaShortcodeData === 'undefined') ? [] : ameliaShortcodeData;\n  ameliaShortcodeData.push(\n    {\n      'hasApiCall': (typeof hasAmeliaEntitiesApiCall !== 'undefined') && hasAmeliaEntitiesApiCall,\n      'trigger': '',\n      'trigger_type': '',\n      'triggered_form': 'sbsNew',\n      'in_dialog': '',\n      'show': '',\n      'counter': '1000',\n      'category': '',\n      'service': '',\n      'employee': '',\n      'location': '',\n      'package': '',\n      'layout': '1',\n    }\n  );\n\n  var ameliaShortcodeDataTriggered = (typeof ameliaShortcodeDataTriggered === 'undefined') ? [] : ameliaShortcodeDataTriggered;\n  if (ameliaShortcodeData[ameliaShortcodeData.length - 1].trigger !== '') {\n    if (ameliaShortcodeDataTriggered.filter(a => a.counter === ameliaShortcodeData[ameliaShortcodeData.length - 1].counter).length === 0) {\n      ameliaShortcodeDataTriggered.push(ameliaShortcodeData.pop());\n    } else {\n      ameliaShortcodeData.pop()\n    }\n  }\n  if (typeof hasAmeliaEntitiesApiCall !== 'undefined' && hasAmeliaEntitiesApiCall) {\n    hasAmeliaEntitiesApiCall = false;\n  }\n<\/script>\n\n<div\n  id=\"amelia-v2-booking-1000\"\n  class=\"amelia-v2-booking\"\n >\n    <step-form-wrapper><\/step-form-wrapper><\/div>\n\t\t\t\t<\/div>\n\t\t\t\t<\/div>\n\t\t\t\t\t<\/div>\n\t\t\t\t<\/div>\n\t\t\t\t<\/div>","protected":false},"excerpt":{"rendered":"<p>Lihtne loogika \u00fctleb, et autot tuleb pesta siis, kui ta on mustaks saanud. Kindlat intervalli millal seda teha ei ole. See s\u00f5ltub nii ilmast kui ka sellest, millisel teel on autoga s\u00f5idetud. Ideaalne oleks pesta autot iga n\u00e4dal, kuid v\u00e4ga hea on ka see, kui seda pestakse kord kahe v\u00f5i kolme n\u00e4dala tagant. Vana t\u00f5de [&hellip;]<\/p>","protected":false},"author":1,"featured_media":0,"parent":0,"menu_order":0,"comment_status":"closed","ping_status":"closed","template":"","meta":{"footnotes":""},"class_list":["post-522","page","type-page","status-publish","hentry"],"yoast_head":"<!-- This site is optimized with the Yoast SEO plugin v27.1.1 - https:\/\/yoast.com\/product\/yoast-seo-wordpress\/ -->\n<title>Autopesu - Revalgroup<\/title>\n<meta name=\"description\" content=\"Reval Group pakub kvaliteetset autopesu. Teeme igas suuruses autole nii v\u00e4lipesu kui ka sisepesu ehk salongi puhastust.\" \/>\n<meta name=\"robots\" content=\"index, follow, max-snippet:-1, max-image-preview:large, max-video-preview:-1\" \/>\n<link rel=\"canonical\" href=\"https:\/\/revalgroup.ee\/ru\/autopesu\/\" \/>\n<meta property=\"og:locale\" content=\"ru_RU\" \/>\n<meta property=\"og:type\" content=\"article\" \/>\n<meta property=\"og:title\" content=\"Autopesu - Revalgroup\" \/>\n<meta property=\"og:description\" content=\"Reval Group pakub kvaliteetset autopesu. Teeme igas suuruses autole nii v\u00e4lipesu kui ka sisepesu ehk salongi puhastust.\" \/>\n<meta property=\"og:url\" content=\"https:\/\/revalgroup.ee\/ru\/autopesu\/\" \/>\n<meta property=\"og:site_name\" content=\"Revalgroup\" \/>\n<meta property=\"article:modified_time\" content=\"2026-01-26T08:23:05+00:00\" \/>\n<meta property=\"og:image\" content=\"https:\/\/revalgroup.ee\/wp-content\/uploads\/2023\/12\/pigipesu.avif\" \/>\n<meta name=\"twitter:card\" content=\"summary_large_image\" \/>\n<meta name=\"twitter:label1\" content=\"\u041f\u0440\u0438\u043c\u0435\u0440\u043d\u043e\u0435 \u0432\u0440\u0435\u043c\u044f \u0434\u043b\u044f \u0447\u0442\u0435\u043d\u0438\u044f\" \/>\n\t<meta name=\"twitter:data1\" content=\"2 \u043c\u0438\u043d\u0443\u0442\u044b\" \/>\n<script type=\"application\/ld+json\" class=\"yoast-schema-graph\">{\"@context\":\"https:\/\/schema.org\",\"@graph\":[{\"@type\":\"WebPage\",\"@id\":\"https:\/\/revalgroup.ee\/autopesu\/\",\"url\":\"https:\/\/revalgroup.ee\/autopesu\/\",\"name\":\"Autopesu - Revalgroup\",\"isPartOf\":{\"@id\":\"https:\/\/revalgroup.ee\/#website\"},\"primaryImageOfPage\":{\"@id\":\"https:\/\/revalgroup.ee\/autopesu\/#primaryimage\"},\"image\":{\"@id\":\"https:\/\/revalgroup.ee\/autopesu\/#primaryimage\"},\"thumbnailUrl\":\"https:\/\/revalgroup.ee\/wp-content\/uploads\/2023\/12\/pigipesu.avif\",\"datePublished\":\"2023-06-20T07:53:33+00:00\",\"dateModified\":\"2026-01-26T08:23:05+00:00\",\"description\":\"Reval Group pakub kvaliteetset autopesu. Teeme igas suuruses autole nii v\u00e4lipesu kui ka sisepesu ehk salongi puhastust.\",\"breadcrumb\":{\"@id\":\"https:\/\/revalgroup.ee\/autopesu\/#breadcrumb\"},\"inLanguage\":\"ru-RU\",\"potentialAction\":[{\"@type\":\"ReadAction\",\"target\":[\"https:\/\/revalgroup.ee\/autopesu\/\"]}]},{\"@type\":\"ImageObject\",\"inLanguage\":\"ru-RU\",\"@id\":\"https:\/\/revalgroup.ee\/autopesu\/#primaryimage\",\"url\":\"https:\/\/revalgroup.ee\/wp-content\/uploads\/2023\/12\/pigipesu.avif\",\"contentUrl\":\"https:\/\/revalgroup.ee\/wp-content\/uploads\/2023\/12\/pigipesu.avif\"},{\"@type\":\"BreadcrumbList\",\"@id\":\"https:\/\/revalgroup.ee\/autopesu\/#breadcrumb\",\"itemListElement\":[{\"@type\":\"ListItem\",\"position\":1,\"name\":\"Esileht\",\"item\":\"https:\/\/revalgroup.ee\/\"},{\"@type\":\"ListItem\",\"position\":2,\"name\":\"Autopesu\"}]},{\"@type\":\"WebSite\",\"@id\":\"https:\/\/revalgroup.ee\/#website\",\"url\":\"https:\/\/revalgroup.ee\/\",\"name\":\"Revalgroup\",\"description\":\"\",\"publisher\":{\"@id\":\"https:\/\/revalgroup.ee\/#organization\"},\"potentialAction\":[{\"@type\":\"SearchAction\",\"target\":{\"@type\":\"EntryPoint\",\"urlTemplate\":\"https:\/\/revalgroup.ee\/?s={search_term_string}\"},\"query-input\":{\"@type\":\"PropertyValueSpecification\",\"valueRequired\":true,\"valueName\":\"search_term_string\"}}],\"inLanguage\":\"ru-RU\"},{\"@type\":\"Organization\",\"@id\":\"https:\/\/revalgroup.ee\/#organization\",\"name\":\"Revalgroup\",\"url\":\"https:\/\/revalgroup.ee\/\",\"logo\":{\"@type\":\"ImageObject\",\"inLanguage\":\"ru-RU\",\"@id\":\"https:\/\/revalgroup.ee\/#\/schema\/logo\/image\/\",\"url\":\"https:\/\/revalgroup.ee\/wp-content\/uploads\/2023\/06\/revalgroup-logo-must1-ai.svg\",\"contentUrl\":\"https:\/\/revalgroup.ee\/wp-content\/uploads\/2023\/06\/revalgroup-logo-must1-ai.svg\",\"width\":902,\"height\":492,\"caption\":\"Revalgroup\"},\"image\":{\"@id\":\"https:\/\/revalgroup.ee\/#\/schema\/logo\/image\/\"}}]}<\/script>\n<!-- \/ Yoast SEO plugin. -->","yoast_head_json":{"title":"Autopesu - Revalgroup","description":"Reval Group pakub kvaliteetset autopesu. Teeme igas suuruses autole nii v\u00e4lipesu kui ka sisepesu ehk salongi puhastust.","robots":{"index":"index","follow":"follow","max-snippet":"max-snippet:-1","max-image-preview":"max-image-preview:large","max-video-preview":"max-video-preview:-1"},"canonical":"https:\/\/revalgroup.ee\/ru\/autopesu\/","og_locale":"ru_RU","og_type":"article","og_title":"Autopesu - Revalgroup","og_description":"Reval Group pakub kvaliteetset autopesu. Teeme igas suuruses autole nii v\u00e4lipesu kui ka sisepesu ehk salongi puhastust.","og_url":"https:\/\/revalgroup.ee\/ru\/autopesu\/","og_site_name":"Revalgroup","article_modified_time":"2026-01-26T08:23:05+00:00","og_image":[{"url":"https:\/\/revalgroup.ee\/wp-content\/uploads\/2023\/12\/pigipesu.avif","type":"","width":"","height":""}],"twitter_card":"summary_large_image","twitter_misc":{"\u041f\u0440\u0438\u043c\u0435\u0440\u043d\u043e\u0435 \u0432\u0440\u0435\u043c\u044f \u0434\u043b\u044f \u0447\u0442\u0435\u043d\u0438\u044f":"2 \u043c\u0438\u043d\u0443\u0442\u044b"},"schema":{"@context":"https:\/\/schema.org","@graph":[{"@type":"WebPage","@id":"https:\/\/revalgroup.ee\/autopesu\/","url":"https:\/\/revalgroup.ee\/autopesu\/","name":"Autopesu - Revalgroup","isPartOf":{"@id":"https:\/\/revalgroup.ee\/#website"},"primaryImageOfPage":{"@id":"https:\/\/revalgroup.ee\/autopesu\/#primaryimage"},"image":{"@id":"https:\/\/revalgroup.ee\/autopesu\/#primaryimage"},"thumbnailUrl":"https:\/\/revalgroup.ee\/wp-content\/uploads\/2023\/12\/pigipesu.avif","datePublished":"2023-06-20T07:53:33+00:00","dateModified":"2026-01-26T08:23:05+00:00","description":"Reval Group pakub kvaliteetset autopesu. Teeme igas suuruses autole nii v\u00e4lipesu kui ka sisepesu ehk salongi puhastust.","breadcrumb":{"@id":"https:\/\/revalgroup.ee\/autopesu\/#breadcrumb"},"inLanguage":"ru-RU","potentialAction":[{"@type":"ReadAction","target":["https:\/\/revalgroup.ee\/autopesu\/"]}]},{"@type":"ImageObject","inLanguage":"ru-RU","@id":"https:\/\/revalgroup.ee\/autopesu\/#primaryimage","url":"https:\/\/revalgroup.ee\/wp-content\/uploads\/2023\/12\/pigipesu.avif","contentUrl":"https:\/\/revalgroup.ee\/wp-content\/uploads\/2023\/12\/pigipesu.avif"},{"@type":"BreadcrumbList","@id":"https:\/\/revalgroup.ee\/autopesu\/#breadcrumb","itemListElement":[{"@type":"ListItem","position":1,"name":"Esileht","item":"https:\/\/revalgroup.ee\/"},{"@type":"ListItem","position":2,"name":"Autopesu"}]},{"@type":"WebSite","@id":"https:\/\/revalgroup.ee\/#website","url":"https:\/\/revalgroup.ee\/","name":"Revalgroup","description":"","publisher":{"@id":"https:\/\/revalgroup.ee\/#organization"},"potentialAction":[{"@type":"SearchAction","target":{"@type":"EntryPoint","urlTemplate":"https:\/\/revalgroup.ee\/?s={search_term_string}"},"query-input":{"@type":"PropertyValueSpecification","valueRequired":true,"valueName":"search_term_string"}}],"inLanguage":"ru-RU"},{"@type":"Organization","@id":"https:\/\/revalgroup.ee\/#organization","name":"Revalgroup","url":"https:\/\/revalgroup.ee\/","logo":{"@type":"ImageObject","inLanguage":"ru-RU","@id":"https:\/\/revalgroup.ee\/#\/schema\/logo\/image\/","url":"https:\/\/revalgroup.ee\/wp-content\/uploads\/2023\/06\/revalgroup-logo-must1-ai.svg","contentUrl":"https:\/\/revalgroup.ee\/wp-content\/uploads\/2023\/06\/revalgroup-logo-must1-ai.svg","width":902,"height":492,"caption":"Revalgroup"},"image":{"@id":"https:\/\/revalgroup.ee\/#\/schema\/logo\/image\/"}}]}},"_links":{"self":[{"href":"https:\/\/revalgroup.ee\/ru\/wp-json\/wp\/v2\/pages\/522","targetHints":{"allow":["GET"]}}],"collection":[{"href":"https:\/\/revalgroup.ee\/ru\/wp-json\/wp\/v2\/pages"}],"about":[{"href":"https:\/\/revalgroup.ee\/ru\/wp-json\/wp\/v2\/types\/page"}],"author":[{"embeddable":true,"href":"https:\/\/revalgroup.ee\/ru\/wp-json\/wp\/v2\/users\/1"}],"replies":[{"embeddable":true,"href":"https:\/\/revalgroup.ee\/ru\/wp-json\/wp\/v2\/comments?post=522"}],"version-history":[{"count":53,"href":"https:\/\/revalgroup.ee\/ru\/wp-json\/wp\/v2\/pages\/522\/revisions"}],"predecessor-version":[{"id":1784,"href":"https:\/\/revalgroup.ee\/ru\/wp-json\/wp\/v2\/pages\/522\/revisions\/1784"}],"wp:attachment":[{"href":"https:\/\/revalgroup.ee\/ru\/wp-json\/wp\/v2\/media?parent=522"}],"curies":[{"name":"wp","href":"https:\/\/api.w.org\/{rel}","templated":true}]}}