{"id":373,"date":"2023-06-20T07:02:38","date_gmt":"2023-06-20T07:02:38","guid":{"rendered":"https:\/\/revalgroup.ee\/?page_id=373"},"modified":"2024-04-25T11:31:21","modified_gmt":"2024-04-25T11:31:21","slug":"kere-ja-varvitood","status":"publish","type":"page","link":"https:\/\/revalgroup.ee\/ru\/kere-ja-varvitood\/","title":{"rendered":"\u0420\u0430\u0431\u043e\u0442\u044b \u043f\u043e \u043a\u0443\u0437\u043e\u0432\u0443 \u0438 \u043f\u043e\u043a\u0440\u0430\u0441\u043a\u0435"},"content":{"rendered":"<div data-elementor-type=\"wp-page\" data-elementor-id=\"373\" class=\"elementor elementor-373\" data-elementor-post-type=\"page\">\n\t\t\t\t<div class=\"elementor-element elementor-element-def5c00 hero_sec_2 e-flex e-con-boxed e-con e-parent\" data-id=\"def5c00\" data-element_type=\"container\" data-settings=\"{&quot;background_background&quot;:&quot;classic&quot;}\">\n\t\t\t\t\t<div class=\"e-con-inner\">\n\t\t\t\t<div class=\"elementor-element elementor-element-d0e928a elementor-widget elementor-widget-heading\" data-id=\"d0e928a\" data-element_type=\"widget\" data-widget_type=\"heading.default\">\n\t\t\t\t<div class=\"elementor-widget-container\">\n\t\t\t\t\t<h2 class=\"elementor-heading-title elementor-size-default\">\u041f\u043e\u043a\u0440\u0430\u0441\u043a\u0430 \u0430\u0432\u0442\u043e\u043c\u043e\u0431\u0438\u043b\u044f<\/h2>\t\t\t\t<\/div>\n\t\t\t\t<\/div>\n\t\t\t\t<div class=\"elementor-element elementor-element-29a1cd6 elementor-widget elementor-widget-text-editor\" data-id=\"29a1cd6\" data-element_type=\"widget\" data-widget_type=\"text-editor.default\">\n\t\t\t\t<div class=\"elementor-widget-container\">\n\t\t\t\t\t\t\t\t\t<p>Vaid parim on piisavalt hea. See kehtib ka auto v\u00e4rvimaterjalide kohta. \u00d5ige v\u00e4rv peab vastu terve s\u00f5iduki eluea. V\u00e4rvime s\u00f5iduki kiht kihi haaval \u2013 kruntv\u00e4rv, t\u00e4itevkrunt ja v\u00e4rv \u2013 ning k\u00f5ik kihid on omavahel t\u00e4iuslikult sobitatud. Meie v\u00e4rv on toonispetsiifiline, sobiva koostise ja k\u00f5rgl\u00e4ikega.<\/p>\t\t\t\t\t\t\t\t<\/div>\n\t\t\t\t<\/div>\n\t\t\t\t\t<\/div>\n\t\t\t\t<\/div>\n\t\t\t\t<section class=\"elementor-section elementor-top-section elementor-element elementor-element-249d580 elementor-section-boxed elementor-section-height-default elementor-section-height-default\" data-id=\"249d580\" data-element_type=\"section\">\n\t\t\t\t\t\t<div class=\"elementor-container elementor-column-gap-default\">\n\t\t\t\t\t<div class=\"elementor-column elementor-col-50 elementor-top-column elementor-element elementor-element-6afe1f1 hero_sec_2\" data-id=\"6afe1f1\" data-element_type=\"column\" data-settings=\"{&quot;background_background&quot;:&quot;classic&quot;}\">\n\t\t\t<div class=\"elementor-widget-wrap elementor-element-populated\">\n\t\t\t\t\t\t<div class=\"elementor-element elementor-element-3b636df elementor-widget elementor-widget-text-editor\" data-id=\"3b636df\" data-element_type=\"widget\" data-widget_type=\"text-editor.default\">\n\t\t\t\t<div class=\"elementor-widget-container\">\n\t\t\t\t\t\t\t\t\t<p><strong>Kere- ja v\u00e4rvit\u00f6\u00f6d<\/strong><\/p><p>Oleme spetsialiseerunud s\u00f5iduki kere- ja v\u00e4rvit\u00f6\u00f6dele, kus tunneme oma t\u00f6\u00f6d k\u00f5rgeimal tasemel. Omame kvalifitseeritud meeskonda, kes pakub parimat kvaliteeti tehtud t\u00f6\u00f6dele s\u00f5ltumata auto margist. Oma t\u00f6\u00f6s p\u00f6\u00f6rame suurt t\u00e4helepanu keskkonnas\u00f5bralikkusele.<\/p><p>\u041d\u0430\u0448 \u043f\u0440\u0438\u043e\u0440\u0438\u0442\u0435\u0442 \u2013 \u043f\u0440\u0435\u0434\u043b\u0430\u0433\u0430\u0442\u044c \u0443\u0441\u043b\u0443\u0433\u0438 \u0441 \u043d\u0430\u0438\u043b\u0443\u0447\u0448\u0438\u043c \u0441\u043e\u043e\u0442\u043d\u043e\u0448\u0435\u043d\u0438\u0435\u043c \u0446\u0435\u043d\u044b \u0438 \u043a\u0430\u0447\u0435\u0441\u0442\u0432\u0430 \u0434\u043b\u044f \u0442\u0440\u0430\u043d\u0441\u043f\u043e\u0440\u0442\u043d\u044b\u0445 \u0441\u0440\u0435\u0434\u0441\u0442\u0432, \u0441\u0440\u043e\u043a \u0437\u0430\u0432\u043e\u0434\u0441\u043a\u043e\u0439 \u0433\u0430\u0440\u0430\u043d\u0442\u0438\u0438 \u043a\u043e\u0442\u043e\u0440\u044b\u0445 \u0443\u0436\u0435 \u0437\u0430\u043a\u043e\u043d\u0447\u0438\u043b\u0441\u044f. \u041d\u0430\u0448\u0430 \u0446\u0435\u043b\u044c \u2013 \u043a\u043e\u043c\u043f\u043b\u0435\u043a\u0441\u043d\u043e\u0435 \u0438 \u0441\u043a\u043e\u043d\u0446\u0435\u043d\u0442\u0440\u0438\u0440\u043e\u0432\u0430\u043d\u043d\u043e\u0435 \u043d\u0430 \u043a\u043b\u0438\u0435\u043d\u0442\u0435 \u043e\u0431\u0441\u043b\u0443\u0436\u0438\u0432\u0430\u043d\u0438\u0435 \u2013 \u043a\u0440\u043e\u043c\u0435 \u0437\u0430\u043a\u0430\u0437\u0430\u043d\u043d\u044b\u0445 \u0438 \u043f\u0440\u043e\u0438\u0437\u0432\u0435\u0434\u0451\u043d\u043d\u044b\u0445 \u0440\u0430\u0431\u043e\u0442 \u043c\u044b \u0434\u0430\u0451\u043c \u0430\u0432\u0442\u043e\u043c\u043e\u0431\u0438\u043b\u044e \u043e\u0446\u0435\u043d\u043a\u0443, \u043a\u043e\u0442\u043e\u0440\u0430\u044f \u043f\u043e\u043c\u043e\u0436\u0435\u0442 \u043a\u043b\u0438\u0435\u043d\u0442\u0443 \u0438\u0437\u0431\u0435\u0436\u0430\u0442\u044c \u043d\u0435\u0443\u0434\u043e\u0431\u0441\u0442\u0432 \u043f\u0440\u0438 \u0434\u0430\u043b\u044c\u043d\u0435\u0439\u0448\u0435\u0439 \u044d\u043a\u0441\u043f\u043b\u0443\u0430\u0442\u0430\u0446\u0438\u0438.<\/p>\t\t\t\t\t\t\t\t<\/div>\n\t\t\t\t<\/div>\n\t\t\t\t<div class=\"elementor-element elementor-element-bdf7c61 elementor-widget elementor-widget-gallery\" data-id=\"bdf7c61\" data-element_type=\"widget\" data-settings=\"{&quot;columns&quot;:5,&quot;gap&quot;:{&quot;unit&quot;:&quot;px&quot;,&quot;size&quot;:0,&quot;sizes&quot;:[]},&quot;columns_mobile&quot;:2,&quot;lazyload&quot;:&quot;yes&quot;,&quot;gallery_layout&quot;:&quot;grid&quot;,&quot;columns_tablet&quot;:2,&quot;gap_tablet&quot;:{&quot;unit&quot;:&quot;px&quot;,&quot;size&quot;:10,&quot;sizes&quot;:[]},&quot;gap_mobile&quot;:{&quot;unit&quot;:&quot;px&quot;,&quot;size&quot;:10,&quot;sizes&quot;:[]},&quot;link_to&quot;:&quot;file&quot;,&quot;aspect_ratio&quot;:&quot;3:2&quot;,&quot;overlay_background&quot;:&quot;yes&quot;,&quot;content_hover_animation&quot;:&quot;fade-in&quot;}\" data-widget_type=\"gallery.default\">\n\t\t\t\t<div class=\"elementor-widget-container\">\n\t\t\t\t\t\t\t<div class=\"elementor-gallery__container\">\n\t\t\t\t\t\t\t<a class=\"e-gallery-item elementor-gallery-item elementor-animated-content\" href=\"https:\/\/revalgroup.ee\/wp-content\/uploads\/2023\/06\/DSCF1172.jpg\" data-elementor-open-lightbox=\"yes\" data-elementor-lightbox-slideshow=\"bdf7c61\" data-elementor-lightbox-title=\"DSCF1172\" data-e-action-hash=\"#elementor-action%3Aaction%3Dlightbox%26settings%3DeyJpZCI6MzQ3LCJ1cmwiOiJodHRwczpcL1wvcmV2YWxncm91cC5lZVwvd3AtY29udGVudFwvdXBsb2Fkc1wvMjAyM1wvMDZcL0RTQ0YxMTcyLmpwZyIsInNsaWRlc2hvdyI6ImJkZjdjNjEifQ%3D%3D\">\n\t\t\t\t\t<div class=\"e-gallery-image elementor-gallery-item__image\" data-thumbnail=\"https:\/\/revalgroup.ee\/wp-content\/uploads\/2023\/06\/DSCF1172.jpg\" data-width=\"667\" data-height=\"1000\" aria-label=\"\" role=\"img\" ><\/div>\n\t\t\t\t\t\t\t\t\t\t\t<div class=\"elementor-gallery-item__overlay\"><\/div>\n\t\t\t\t\t\t\t\t\t\t\t\t\t\t<\/a>\n\t\t\t\t\t\t\t<a class=\"e-gallery-item elementor-gallery-item elementor-animated-content\" href=\"https:\/\/revalgroup.ee\/wp-content\/uploads\/2023\/06\/DSCF1180.jpg\" data-elementor-open-lightbox=\"yes\" data-elementor-lightbox-slideshow=\"bdf7c61\" data-elementor-lightbox-title=\"DSCF1180\" data-e-action-hash=\"#elementor-action%3Aaction%3Dlightbox%26settings%3DeyJpZCI6MTczLCJ1cmwiOiJodHRwczpcL1wvcmV2YWxncm91cC5lZVwvd3AtY29udGVudFwvdXBsb2Fkc1wvMjAyM1wvMDZcL0RTQ0YxMTgwLmpwZyIsInNsaWRlc2hvdyI6ImJkZjdjNjEifQ%3D%3D\">\n\t\t\t\t\t<div class=\"e-gallery-image elementor-gallery-item__image\" data-thumbnail=\"https:\/\/revalgroup.ee\/wp-content\/uploads\/2023\/06\/DSCF1180.jpg\" data-width=\"1000\" data-height=\"667\" aria-label=\"\" role=\"img\" ><\/div>\n\t\t\t\t\t\t\t\t\t\t\t<div class=\"elementor-gallery-item__overlay\"><\/div>\n\t\t\t\t\t\t\t\t\t\t\t\t\t\t<\/a>\n\t\t\t\t\t\t\t<a class=\"e-gallery-item elementor-gallery-item elementor-animated-content\" href=\"https:\/\/revalgroup.ee\/wp-content\/uploads\/2023\/06\/DSCF1206.jpg\" data-elementor-open-lightbox=\"yes\" data-elementor-lightbox-slideshow=\"bdf7c61\" data-elementor-lightbox-title=\"DSCF1206\" data-e-action-hash=\"#elementor-action%3Aaction%3Dlightbox%26settings%3DeyJpZCI6Mzc3LCJ1cmwiOiJodHRwczpcL1wvcmV2YWxncm91cC5lZVwvd3AtY29udGVudFwvdXBsb2Fkc1wvMjAyM1wvMDZcL0RTQ0YxMjA2LmpwZyIsInNsaWRlc2hvdyI6ImJkZjdjNjEifQ%3D%3D\">\n\t\t\t\t\t<div class=\"e-gallery-image elementor-gallery-item__image\" data-thumbnail=\"https:\/\/revalgroup.ee\/wp-content\/uploads\/2023\/06\/DSCF1206.jpg\" data-width=\"667\" data-height=\"1000\" aria-label=\"\" role=\"img\" ><\/div>\n\t\t\t\t\t\t\t\t\t\t\t<div class=\"elementor-gallery-item__overlay\"><\/div>\n\t\t\t\t\t\t\t\t\t\t\t\t\t\t<\/a>\n\t\t\t\t\t\t\t<a class=\"e-gallery-item elementor-gallery-item elementor-animated-content\" href=\"https:\/\/revalgroup.ee\/wp-content\/uploads\/2023\/06\/DSCF1198.jpg\" data-elementor-open-lightbox=\"yes\" data-elementor-lightbox-slideshow=\"bdf7c61\" data-elementor-lightbox-title=\"DSCF1198\" data-e-action-hash=\"#elementor-action%3Aaction%3Dlightbox%26settings%3DeyJpZCI6Mzc2LCJ1cmwiOiJodHRwczpcL1wvcmV2YWxncm91cC5lZVwvd3AtY29udGVudFwvdXBsb2Fkc1wvMjAyM1wvMDZcL0RTQ0YxMTk4LmpwZyIsInNsaWRlc2hvdyI6ImJkZjdjNjEifQ%3D%3D\">\n\t\t\t\t\t<div class=\"e-gallery-image elementor-gallery-item__image\" data-thumbnail=\"https:\/\/revalgroup.ee\/wp-content\/uploads\/2023\/06\/DSCF1198.jpg\" data-width=\"1000\" data-height=\"667\" aria-label=\"\" role=\"img\" ><\/div>\n\t\t\t\t\t\t\t\t\t\t\t<div class=\"elementor-gallery-item__overlay\"><\/div>\n\t\t\t\t\t\t\t\t\t\t\t\t\t\t<\/a>\n\t\t\t\t\t\t\t<a class=\"e-gallery-item elementor-gallery-item elementor-animated-content\" href=\"https:\/\/revalgroup.ee\/wp-content\/uploads\/2023\/06\/DSCF1210.jpg\" data-elementor-open-lightbox=\"yes\" data-elementor-lightbox-slideshow=\"bdf7c61\" data-elementor-lightbox-title=\"DSCF1210\" data-e-action-hash=\"#elementor-action%3Aaction%3Dlightbox%26settings%3DeyJpZCI6Mzc1LCJ1cmwiOiJodHRwczpcL1wvcmV2YWxncm91cC5lZVwvd3AtY29udGVudFwvdXBsb2Fkc1wvMjAyM1wvMDZcL0RTQ0YxMjEwLmpwZyIsInNsaWRlc2hvdyI6ImJkZjdjNjEifQ%3D%3D\">\n\t\t\t\t\t<div class=\"e-gallery-image elementor-gallery-item__image\" data-thumbnail=\"https:\/\/revalgroup.ee\/wp-content\/uploads\/2023\/06\/DSCF1210.jpg\" data-width=\"667\" data-height=\"1000\" aria-label=\"\" role=\"img\" ><\/div>\n\t\t\t\t\t\t\t\t\t\t\t<div class=\"elementor-gallery-item__overlay\"><\/div>\n\t\t\t\t\t\t\t\t\t\t\t\t\t\t<\/a>\n\t\t\t\t\t<\/div>\n\t\t\t\t\t<\/div>\n\t\t\t\t<\/div>\n\t\t\t\t<div class=\"elementor-element elementor-element-a39d671 elementor-widget elementor-widget-text-editor\" data-id=\"a39d671\" data-element_type=\"widget\" data-widget_type=\"text-editor.default\">\n\t\t\t\t<div class=\"elementor-widget-container\">\n\t\t\t\t\t\t\t\t\t<p>Reval Group O\u00dc \u2013 \u044d\u0442\u043e \u0430\u0432\u0442\u043e\u0441\u0435\u0440\u0432\u0438\u0441 \u0441 \u0441\u043e\u0432\u0440\u0435\u043c\u0435\u043d\u043d\u044b\u043c \u043e\u0431\u043e\u0440\u0443\u0434\u043e\u0432\u0430\u043d\u0438\u0435\u043c \u0438 \u0432\u044b\u0441\u043e\u043a\u043e\u043a\u0432\u0430\u043b\u0438\u0444\u0438\u0446\u0438\u0440\u043e\u0432\u0430\u043d\u043d\u044b\u043c \u043f\u0435\u0440\u0441\u043e\u043d\u0430\u043b\u043e\u043c, \u043f\u0440\u0435\u0434\u043b\u0430\u0433\u0430\u044e\u0449\u0438\u0439 \u0441\u0432\u043e\u0438\u043c \u043a\u043b\u0438\u0435\u043d\u0442\u0430\u043c \u0431\u044b\u0441\u0442\u0440\u044b\u0435 \u0438 \u043a\u0430\u0447\u0435\u0441\u0442\u0432\u0435\u043d\u043d\u044b\u0435 \u0430\u0432\u0442\u043e\u0440\u0435\u043c\u043e\u043d\u0442, \u0442\u0435\u0445\u043e\u0431\u0441\u043b\u0443\u0436\u0438\u0432\u0430\u043d\u0438\u0435 \u0438 \u0434\u0438\u0430\u0433\u043d\u043e\u0441\u0442\u0438\u043a\u0443.<\/p>\t\t\t\t\t\t\t\t<\/div>\n\t\t\t\t<\/div>\n\t\t\t\t<div class=\"elementor-element elementor-element-96477ff elementor-align-left elementor-mobile-align-justify elementor-widget__width-initial elementor-widget elementor-widget-button\" data-id=\"96477ff\" data-element_type=\"widget\" data-widget_type=\"button.default\">\n\t\t\t\t<div class=\"elementor-widget-container\">\n\t\t\t\t\t\t\t\t\t<div class=\"elementor-button-wrapper\">\n\t\t\t\t\t<a class=\"elementor-button elementor-button-link elementor-size-md elementor-animation-grow\" href=\"https:\/\/revalgroup.ee\/ru\/kas-on-motet-autode-plastosi-remondi-kaigus-taastada\/\">\n\t\t\t\t\t\t<span class=\"elementor-button-content-wrapper\">\n\t\t\t\t\t\t\t\t\t<span class=\"elementor-button-text\">\u0423\u0437\u043d\u0430\u0442\u044c \u043f\u043e\u0434\u0440\u043e\u0431\u043d\u0435\u0435<\/span>\n\t\t\t\t\t<\/span>\n\t\t\t\t\t<\/a>\n\t\t\t\t<\/div>\n\t\t\t\t\t\t\t\t<\/div>\n\t\t\t\t<\/div>\n\t\t\t\t\t<\/div>\n\t\t<\/div>\n\t\t\t\t<div class=\"elementor-column elementor-col-50 elementor-top-column elementor-element elementor-element-5970b24 hero_sec_2\" data-id=\"5970b24\" data-element_type=\"column\" data-settings=\"{&quot;background_background&quot;:&quot;classic&quot;}\">\n\t\t\t<div class=\"elementor-widget-wrap elementor-element-populated\">\n\t\t\t\t\t\t<div class=\"elementor-element elementor-element-32cb635 elementor-widget elementor-widget-heading\" data-id=\"32cb635\" data-element_type=\"widget\" data-widget_type=\"heading.default\">\n\t\t\t\t<div class=\"elementor-widget-container\">\n\t\t\t\t\t<h2 class=\"elementor-heading-title elementor-size-default\">\u0417\u0430\u043f\u0438\u0448\u0438\u0442\u0435\u0441\u044c \u043d\u0430 \u043e\u0446\u0435\u043d\u043a\u0443 \u0443\u0449\u0435\u0440\u0431\u0430 \u043f\u043e \u0442\u0435\u043b\u0435\u0444\u043e\u043d\u0443<\/h2>\t\t\t\t<\/div>\n\t\t\t\t<\/div>\n\t\t\t\t<div class=\"elementor-element elementor-element-a0b44e4 elementor-widget elementor-widget-text-editor\" data-id=\"a0b44e4\" data-element_type=\"widget\" data-widget_type=\"text-editor.default\">\n\t\t\t\t<div class=\"elementor-widget-container\">\n\t\t\t\t\t\t\t\t\t<p>\u0427\u0435\u0440\u0435\u0437 \u044d\u0442\u0443 \u0441\u0441\u044b\u043b\u043a\u0443 \u0432\u044b \u043c\u043e\u0436\u0435\u0442\u0435 \u043f\u0440\u0435\u0434\u043e\u0441\u0442\u0430\u0432\u0438\u0442\u044c \u0432\u0441\u044e \u0438\u043d\u0444\u043e\u0440\u043c\u0430\u0446\u0438\u044e \u0434\u043b\u044f \u0446\u0438\u0444\u0440\u043e\u0432\u043e\u0439 \u043e\u0446\u0435\u043d\u043a\u0438.<\/p>\t\t\t\t\t\t\t\t<\/div>\n\t\t\t\t<\/div>\n\t\t\t\t<div class=\"elementor-element elementor-element-ae4e5f7 elementor-align-left elementor-mobile-align-justify elementor-widget__width-initial elementor-widget elementor-widget-button\" data-id=\"ae4e5f7\" data-element_type=\"widget\" data-widget_type=\"button.default\">\n\t\t\t\t<div class=\"elementor-widget-container\">\n\t\t\t\t\t\t\t\t\t<div class=\"elementor-button-wrapper\">\n\t\t\t\t\t<a class=\"elementor-button elementor-button-link elementor-size-md elementor-animation-grow\" href=\"https:\/\/automotive-damageinspection.cabgroup.net\/RevalGroup\/booking\/start\">\n\t\t\t\t\t\t<span class=\"elementor-button-content-wrapper\">\n\t\t\t\t\t\t\t\t\t<span class=\"elementor-button-text\">\u0417\u0430\u043f\u0438\u0448\u0438\u0442\u0435\u0441\u044c \u043d\u0430 \u043e\u0446\u0435\u043d\u043a\u0443 \u0443\u0449\u0435\u0440\u0431\u0430 \u043f\u043e \u0442\u0435\u043b\u0435\u0444\u043e\u043d\u0443 <\/span>\n\t\t\t\t\t<\/span>\n\t\t\t\t\t<\/a>\n\t\t\t\t<\/div>\n\t\t\t\t\t\t\t\t<\/div>\n\t\t\t\t<\/div>\n\t\t\t\t\t<\/div>\n\t\t<\/div>\n\t\t\t\t\t<\/div>\n\t\t<\/section>\n\t\t\t\t<\/div>","protected":false},"excerpt":{"rendered":"<p>V\u00e4rvit\u00f6\u00f6d Vaid parim on piisavalt hea. See kehtib ka auto v\u00e4rvimaterjalide kohta. \u00d5ige v\u00e4rv peab vastu terve s\u00f5iduki eluea. V\u00e4rvime s\u00f5iduki kiht kihi haaval \u2013 kruntv\u00e4rv, t\u00e4itevkrunt ja v\u00e4rv \u2013 ning k\u00f5ik kihid on omavahel t\u00e4iuslikult sobitatud. Meie v\u00e4rv on toonispetsiifiline, sobiva koostise ja k\u00f5rgl\u00e4ikega. Kere- ja v\u00e4rvit\u00f6\u00f6d Oleme spetsialiseerunud s\u00f5iduki kere- ja v\u00e4rvit\u00f6\u00f6dele, kus [&hellip;]<\/p>","protected":false},"author":1,"featured_media":0,"parent":0,"menu_order":0,"comment_status":"closed","ping_status":"closed","template":"","meta":{"footnotes":""},"class_list":["post-373","page","type-page","status-publish","hentry"],"yoast_head":"<!-- This site is optimized with the Yoast SEO plugin v27.1.1 - https:\/\/yoast.com\/product\/yoast-seo-wordpress\/ -->\n<title>Kere ja -v\u00e4rvit\u00f6\u00f6d - Revalgroup<\/title>\n<meta name=\"description\" content=\"Reval Group on spetsialiseerunud s\u00f5iduki keret\u00f6\u00f6dele ja v\u00e4rvit\u00f6\u00f6dele. \u00d5igesti teostatud auto v\u00e4rv peab vastu terve s\u00f5iduki eluea.\" \/>\n<meta name=\"robots\" content=\"index, follow, max-snippet:-1, max-image-preview:large, max-video-preview:-1\" \/>\n<link rel=\"canonical\" href=\"https:\/\/revalgroup.ee\/ru\/kere-ja-varvitood\/\" \/>\n<meta property=\"og:locale\" content=\"ru_RU\" \/>\n<meta property=\"og:type\" content=\"article\" \/>\n<meta property=\"og:title\" content=\"Kere ja -v\u00e4rvit\u00f6\u00f6d - Revalgroup\" \/>\n<meta property=\"og:description\" content=\"Reval Group on spetsialiseerunud s\u00f5iduki keret\u00f6\u00f6dele ja v\u00e4rvit\u00f6\u00f6dele. \u00d5igesti teostatud auto v\u00e4rv peab vastu terve s\u00f5iduki eluea.\" \/>\n<meta property=\"og:url\" content=\"https:\/\/revalgroup.ee\/ru\/kere-ja-varvitood\/\" \/>\n<meta property=\"og:site_name\" content=\"Revalgroup\" \/>\n<meta property=\"article:modified_time\" content=\"2024-04-25T11:31:21+00:00\" \/>\n<meta name=\"twitter:card\" content=\"summary_large_image\" \/>\n<meta name=\"twitter:label1\" content=\"\u041f\u0440\u0438\u043c\u0435\u0440\u043d\u043e\u0435 \u0432\u0440\u0435\u043c\u044f \u0434\u043b\u044f \u0447\u0442\u0435\u043d\u0438\u044f\" \/>\n\t<meta name=\"twitter:data1\" content=\"1 \u043c\u0438\u043d\u0443\u0442\u0430\" \/>\n<script type=\"application\/ld+json\" class=\"yoast-schema-graph\">{\"@context\":\"https:\/\/schema.org\",\"@graph\":[{\"@type\":\"WebPage\",\"@id\":\"https:\/\/revalgroup.ee\/kere-ja-varvitood\/\",\"url\":\"https:\/\/revalgroup.ee\/kere-ja-varvitood\/\",\"name\":\"Kere ja -v\u00e4rvit\u00f6\u00f6d - Revalgroup\",\"isPartOf\":{\"@id\":\"https:\/\/revalgroup.ee\/#website\"},\"datePublished\":\"2023-06-20T07:02:38+00:00\",\"dateModified\":\"2024-04-25T11:31:21+00:00\",\"description\":\"Reval Group on spetsialiseerunud s\u00f5iduki keret\u00f6\u00f6dele ja v\u00e4rvit\u00f6\u00f6dele. \u00d5igesti teostatud auto v\u00e4rv peab vastu terve s\u00f5iduki eluea.\",\"breadcrumb\":{\"@id\":\"https:\/\/revalgroup.ee\/kere-ja-varvitood\/#breadcrumb\"},\"inLanguage\":\"ru-RU\",\"potentialAction\":[{\"@type\":\"ReadAction\",\"target\":[\"https:\/\/revalgroup.ee\/kere-ja-varvitood\/\"]}]},{\"@type\":\"BreadcrumbList\",\"@id\":\"https:\/\/revalgroup.ee\/kere-ja-varvitood\/#breadcrumb\",\"itemListElement\":[{\"@type\":\"ListItem\",\"position\":1,\"name\":\"Esileht\",\"item\":\"https:\/\/revalgroup.ee\/\"},{\"@type\":\"ListItem\",\"position\":2,\"name\":\"Kere ja -v\u00e4rvit\u00f6\u00f6d\"}]},{\"@type\":\"WebSite\",\"@id\":\"https:\/\/revalgroup.ee\/#website\",\"url\":\"https:\/\/revalgroup.ee\/\",\"name\":\"Revalgroup\",\"description\":\"\",\"publisher\":{\"@id\":\"https:\/\/revalgroup.ee\/#organization\"},\"potentialAction\":[{\"@type\":\"SearchAction\",\"target\":{\"@type\":\"EntryPoint\",\"urlTemplate\":\"https:\/\/revalgroup.ee\/?s={search_term_string}\"},\"query-input\":{\"@type\":\"PropertyValueSpecification\",\"valueRequired\":true,\"valueName\":\"search_term_string\"}}],\"inLanguage\":\"ru-RU\"},{\"@type\":\"Organization\",\"@id\":\"https:\/\/revalgroup.ee\/#organization\",\"name\":\"Revalgroup\",\"url\":\"https:\/\/revalgroup.ee\/\",\"logo\":{\"@type\":\"ImageObject\",\"inLanguage\":\"ru-RU\",\"@id\":\"https:\/\/revalgroup.ee\/#\/schema\/logo\/image\/\",\"url\":\"https:\/\/revalgroup.ee\/wp-content\/uploads\/2023\/06\/revalgroup-logo-must1-ai.svg\",\"contentUrl\":\"https:\/\/revalgroup.ee\/wp-content\/uploads\/2023\/06\/revalgroup-logo-must1-ai.svg\",\"width\":902,\"height\":492,\"caption\":\"Revalgroup\"},\"image\":{\"@id\":\"https:\/\/revalgroup.ee\/#\/schema\/logo\/image\/\"}}]}<\/script>\n<!-- \/ Yoast SEO plugin. -->","yoast_head_json":{"title":"Kere ja -v\u00e4rvit\u00f6\u00f6d - Revalgroup","description":"Reval Group on spetsialiseerunud s\u00f5iduki keret\u00f6\u00f6dele ja v\u00e4rvit\u00f6\u00f6dele. \u00d5igesti teostatud auto v\u00e4rv peab vastu terve s\u00f5iduki eluea.","robots":{"index":"index","follow":"follow","max-snippet":"max-snippet:-1","max-image-preview":"max-image-preview:large","max-video-preview":"max-video-preview:-1"},"canonical":"https:\/\/revalgroup.ee\/ru\/kere-ja-varvitood\/","og_locale":"ru_RU","og_type":"article","og_title":"Kere ja -v\u00e4rvit\u00f6\u00f6d - Revalgroup","og_description":"Reval Group on spetsialiseerunud s\u00f5iduki keret\u00f6\u00f6dele ja v\u00e4rvit\u00f6\u00f6dele. \u00d5igesti teostatud auto v\u00e4rv peab vastu terve s\u00f5iduki eluea.","og_url":"https:\/\/revalgroup.ee\/ru\/kere-ja-varvitood\/","og_site_name":"Revalgroup","article_modified_time":"2024-04-25T11:31:21+00:00","twitter_card":"summary_large_image","twitter_misc":{"\u041f\u0440\u0438\u043c\u0435\u0440\u043d\u043e\u0435 \u0432\u0440\u0435\u043c\u044f \u0434\u043b\u044f \u0447\u0442\u0435\u043d\u0438\u044f":"1 \u043c\u0438\u043d\u0443\u0442\u0430"},"schema":{"@context":"https:\/\/schema.org","@graph":[{"@type":"WebPage","@id":"https:\/\/revalgroup.ee\/kere-ja-varvitood\/","url":"https:\/\/revalgroup.ee\/kere-ja-varvitood\/","name":"Kere ja -v\u00e4rvit\u00f6\u00f6d - Revalgroup","isPartOf":{"@id":"https:\/\/revalgroup.ee\/#website"},"datePublished":"2023-06-20T07:02:38+00:00","dateModified":"2024-04-25T11:31:21+00:00","description":"Reval Group on spetsialiseerunud s\u00f5iduki keret\u00f6\u00f6dele ja v\u00e4rvit\u00f6\u00f6dele. \u00d5igesti teostatud auto v\u00e4rv peab vastu terve s\u00f5iduki eluea.","breadcrumb":{"@id":"https:\/\/revalgroup.ee\/kere-ja-varvitood\/#breadcrumb"},"inLanguage":"ru-RU","potentialAction":[{"@type":"ReadAction","target":["https:\/\/revalgroup.ee\/kere-ja-varvitood\/"]}]},{"@type":"BreadcrumbList","@id":"https:\/\/revalgroup.ee\/kere-ja-varvitood\/#breadcrumb","itemListElement":[{"@type":"ListItem","position":1,"name":"Esileht","item":"https:\/\/revalgroup.ee\/"},{"@type":"ListItem","position":2,"name":"Kere ja -v\u00e4rvit\u00f6\u00f6d"}]},{"@type":"WebSite","@id":"https:\/\/revalgroup.ee\/#website","url":"https:\/\/revalgroup.ee\/","name":"Revalgroup","description":"","publisher":{"@id":"https:\/\/revalgroup.ee\/#organization"},"potentialAction":[{"@type":"SearchAction","target":{"@type":"EntryPoint","urlTemplate":"https:\/\/revalgroup.ee\/?s={search_term_string}"},"query-input":{"@type":"PropertyValueSpecification","valueRequired":true,"valueName":"search_term_string"}}],"inLanguage":"ru-RU"},{"@type":"Organization","@id":"https:\/\/revalgroup.ee\/#organization","name":"Revalgroup","url":"https:\/\/revalgroup.ee\/","logo":{"@type":"ImageObject","inLanguage":"ru-RU","@id":"https:\/\/revalgroup.ee\/#\/schema\/logo\/image\/","url":"https:\/\/revalgroup.ee\/wp-content\/uploads\/2023\/06\/revalgroup-logo-must1-ai.svg","contentUrl":"https:\/\/revalgroup.ee\/wp-content\/uploads\/2023\/06\/revalgroup-logo-must1-ai.svg","width":902,"height":492,"caption":"Revalgroup"},"image":{"@id":"https:\/\/revalgroup.ee\/#\/schema\/logo\/image\/"}}]}},"_links":{"self":[{"href":"https:\/\/revalgroup.ee\/ru\/wp-json\/wp\/v2\/pages\/373","targetHints":{"allow":["GET"]}}],"collection":[{"href":"https:\/\/revalgroup.ee\/ru\/wp-json\/wp\/v2\/pages"}],"about":[{"href":"https:\/\/revalgroup.ee\/ru\/wp-json\/wp\/v2\/types\/page"}],"author":[{"embeddable":true,"href":"https:\/\/revalgroup.ee\/ru\/wp-json\/wp\/v2\/users\/1"}],"replies":[{"embeddable":true,"href":"https:\/\/revalgroup.ee\/ru\/wp-json\/wp\/v2\/comments?post=373"}],"version-history":[{"count":61,"href":"https:\/\/revalgroup.ee\/ru\/wp-json\/wp\/v2\/pages\/373\/revisions"}],"predecessor-version":[{"id":1576,"href":"https:\/\/revalgroup.ee\/ru\/wp-json\/wp\/v2\/pages\/373\/revisions\/1576"}],"wp:attachment":[{"href":"https:\/\/revalgroup.ee\/ru\/wp-json\/wp\/v2\/media?parent=373"}],"curies":[{"name":"wp","href":"https:\/\/api.w.org\/{rel}","templated":true}]}}