{"id":356,"date":"2023-06-20T06:24:42","date_gmt":"2023-06-20T06:24:42","guid":{"rendered":"https:\/\/revalgroup.ee\/?page_id=356"},"modified":"2024-03-09T12:59:24","modified_gmt":"2024-03-09T12:59:24","slug":"puksiiriabi","status":"publish","type":"page","link":"https:\/\/revalgroup.ee\/ru\/puksiiriabi\/","title":{"rendered":"\u041f\u043e\u043c\u043e\u0449\u044c \u044d\u0432\u0430\u043a\u0443\u0430\u0442\u043e\u0440\u0430"},"content":{"rendered":"<div data-elementor-type=\"wp-page\" data-elementor-id=\"356\" class=\"elementor elementor-356\" data-elementor-post-type=\"page\">\n\t\t\t\t<div class=\"elementor-element elementor-element-7b0640e e-flex e-con-boxed e-con e-parent\" data-id=\"7b0640e\" data-element_type=\"container\" data-settings=\"{&quot;background_background&quot;:&quot;gradient&quot;}\">\n\t\t\t\t\t<div class=\"e-con-inner\">\n\t\t<div class=\"elementor-element elementor-element-83b0d9b e-con-full e-flex e-con e-child\" data-id=\"83b0d9b\" data-element_type=\"container\">\n\t\t\t\t<div class=\"elementor-element elementor-element-d708b7c elementor-widget elementor-widget-image\" data-id=\"d708b7c\" data-element_type=\"widget\" data-widget_type=\"image.default\">\n\t\t\t\t<div class=\"elementor-widget-container\">\n\t\t\t\t\t\t\t\t\t\t\t\t\t\t\t<img fetchpriority=\"high\" decoding=\"async\" width=\"500\" height=\"500\" src=\"https:\/\/revalgroup.ee\/wp-content\/uploads\/2023\/12\/sos-png.png\" class=\"attachment-large size-large wp-image-1415\" alt=\"\" srcset=\"https:\/\/revalgroup.ee\/wp-content\/uploads\/2023\/12\/sos-png.png 500w, https:\/\/revalgroup.ee\/wp-content\/uploads\/2023\/12\/sos-png-300x300.png 300w, https:\/\/revalgroup.ee\/wp-content\/uploads\/2023\/12\/sos-png-150x150.png 150w, https:\/\/revalgroup.ee\/wp-content\/uploads\/2023\/12\/sos-png-12x12.png 12w\" sizes=\"(max-width: 500px) 100vw, 500px\" \/>\t\t\t\t\t\t\t\t\t\t\t\t\t\t\t<\/div>\n\t\t\t\t<\/div>\n\t\t\t\t<\/div>\n\t\t<div class=\"elementor-element elementor-element-8d5d183 e-con-full e-flex e-con e-child\" data-id=\"8d5d183\" data-element_type=\"container\">\n\t\t\t\t<div class=\"elementor-element elementor-element-41a8f5e elementor-widget elementor-widget-heading\" data-id=\"41a8f5e\" data-element_type=\"widget\" data-widget_type=\"heading.default\">\n\t\t\t\t<div class=\"elementor-widget-container\">\n\t\t\t\t\t<h2 class=\"elementor-heading-title elementor-size-default\">\u0421\u0432\u044f\u0436\u0438\u0442\u0435\u0441\u044c \u0441 \u0430\u0432\u0430\u0440\u0438\u0439\u043d\u043e\u0439 \u043f\u043e\u043c\u043e\u0449\u044c\u044e SOS<\/h2>\t\t\t\t<\/div>\n\t\t\t\t<\/div>\n\t\t\t\t<div class=\"elementor-element elementor-element-e073dfb elementor-widget elementor-widget-text-editor\" data-id=\"e073dfb\" data-element_type=\"widget\" data-widget_type=\"text-editor.default\">\n\t\t\t\t<div class=\"elementor-widget-container\">\n\t\t\t\t\t\t\t\t\t<p>+372 5011737<\/p>\t\t\t\t\t\t\t\t<\/div>\n\t\t\t\t<\/div>\n\t\t\t\t<\/div>\n\t\t\t\t\t<\/div>\n\t\t\t\t<\/div>\n\t\t<div class=\"elementor-element elementor-element-5cf2cc7 e-flex e-con-boxed e-con e-parent\" data-id=\"5cf2cc7\" data-element_type=\"container\">\n\t\t\t\t\t<div class=\"e-con-inner\">\n\t\t\t\t<div class=\"elementor-element elementor-element-692800e elementor-widget elementor-widget-text-editor\" data-id=\"692800e\" data-element_type=\"widget\" data-widget_type=\"text-editor.default\">\n\t\t\t\t<div class=\"elementor-widget-container\">\n\t\t\t\t\t\t\t\t\t<p>\u041f\u0440\u0438 \u0430\u0432\u0430\u0440\u0438\u0438 \u043c\u044b \u0431\u0443\u043a\u0441\u0438\u0440\u0443\u0435\u043c \u0430\u0432\u0442\u043e\u043c\u043e\u0431\u0438\u043b\u044c \u0432 \u043d\u0430\u0448\u0443 \u043c\u0430\u0441\u0442\u0435\u0440\u0441\u043a\u0443\u044e <strong>\u0411\u0435\u0441\u043f\u043b\u0430\u0442\u043d\u043e<\/strong>.<\/p>\t\t\t\t\t\t\t\t<\/div>\n\t\t\t\t<\/div>\n\t\t\t\t\t<\/div>\n\t\t\t\t<\/div>\n\t\t<div class=\"elementor-element elementor-element-1f3883a e-flex e-con-boxed e-con e-parent\" data-id=\"1f3883a\" data-element_type=\"container\">\n\t\t\t\t\t<div class=\"e-con-inner\">\n\t\t\t\t<div class=\"elementor-element elementor-element-cc57c6b elementor-widget elementor-widget-text-editor\" data-id=\"cc57c6b\" data-element_type=\"widget\" data-widget_type=\"text-editor.default\">\n\t\t\t\t<div class=\"elementor-widget-container\">\n\t\t\t\t\t\t\t\t\t<h2>\u0412\u0430\u0436\u043d\u0430\u044f \u0438\u043d\u0444\u043e\u0440\u043c\u0430\u0446\u0438\u044f \u043f\u0440\u0438 \u0437\u0430\u043a\u0430\u0437\u0435 \u0443\u0441\u043b\u0443\u0433<\/h2><p>SOS \u0430\u0432\u0442\u043e\u043f\u043e\u043c\u043e\u0449\u044c \u043e\u0441\u0442\u0430\u0432\u043b\u044f\u0435\u0442 \u0437\u0430 \u0441\u043e\u0431\u043e\u0439 \u043f\u0440\u0430\u0432\u043e \u043e\u0442\u043a\u0430\u0437\u0430\u0442\u044c \u0432 \u0443\u0441\u043b\u0443\u0433\u0435, \u0435\u0441\u043b\u0438 \u043a\u043b\u0438\u0435\u043d\u0442 \u043d\u0435 \u0441\u043c\u043e\u0436\u0435\u0442 \u0434\u043e\u043a\u0443\u043c\u0435\u043d\u0442\u0430\u043b\u044c\u043d\u043e \u043f\u043e\u0434\u0442\u0432\u0435\u0440\u0434\u0438\u0442\u044c \u0441\u043e\u0431\u0441\u0442\u0432\u0435\u043d\u043d\u043e\u0441\u0442\u044c \u0438\u043b\u0438 \u043f\u0440\u0430\u0432\u043e \u0438\u0441\u043f\u043e\u043b\u044c\u0437\u043e\u0432\u0430\u043d\u0438\u044f \u044d\u0432\u0430\u043a\u0443\u0438\u0440\u0443\u0435\u043c\u043e\u0433\u043e \u0442\u0440\u0430\u043d\u0441\u043f\u043e\u0440\u0442\u043d\u043e\u0433\u043e \u0441\u0440\u0435\u0434\u0441\u0442\u0432\u0430. \u0414\u0430\u043d\u043d\u043e\u0435 \u0443\u0441\u043b\u043e\u0432\u0438\u0435 \u0442\u0430\u043a\u0436\u0435 \u0440\u0430\u0441\u043f\u0440\u043e\u0441\u0442\u0440\u0430\u043d\u044f\u0435\u0442\u0441\u044f \u043d\u0430 \u0441\u043b\u0443\u0447\u0430\u0438, \u043a\u043e\u0433\u0434\u0430 \u0438\u043c\u0435\u0435\u0442\u0441\u044f \u043e\u043f\u0430\u0441\u043d\u043e\u0441\u0442\u044c \u043f\u043e\u0432\u0440\u0435\u0436\u0434\u0435\u043d\u0438\u044f \u0442\u0440\u0430\u043d\u0441\u043f\u043e\u0440\u0442\u043d\u043e\u0433\u043e \u0441\u0440\u0435\u0434\u0441\u0442\u0432\u0430, \u0442\u0440\u0435\u0431\u0443\u044e\u0449\u0435\u0433\u043e \u043f\u043e\u043c\u043e\u0449\u0438, \u043e\u043a\u0440\u0443\u0436\u0430\u044e\u0449\u0438\u0445 \u043e\u0431\u044a\u0435\u043a\u0442\u043e\u0432 \u0438\u043b\u0438 \u044d\u0432\u0430\u043a\u0443\u0430\u0442\u043e\u0440\u0430 \u0432 \u043f\u0440\u043e\u0446\u0435\u0441\u0441\u0435 \u0440\u0430\u0431\u043e\u0442\u044b.<\/p><p>SOS \u0430\u0432\u0442\u043e\u043f\u043e\u043c\u043e\u0449\u044c \u043a\u043e\u043d\u0442\u0430\u043a\u0442 <strong>5011737<\/strong> \u0411\u043e\u043b\u044c\u0448\u0435 \u0438\u043d\u0444\u043e\u0440\u043c\u0430\u0446\u0438\u0438 \u0432\u044b \u043c\u043e\u0436\u0435\u0442\u0435 \u043d\u0430\u0439\u0442\u0438 <span style=\"color: #426e48;\"><a style=\"color: #426e48;\" href=\"http:\/\/sosautoabi.ee\/autoabi-kontakt\/\">\u0437\u0434\u0435\u0441\u044c<\/a><\/span><\/p>\t\t\t\t\t\t\t\t<\/div>\n\t\t\t\t<\/div>\n\t\t\t\t\t<\/div>\n\t\t\t\t<\/div>\n\t\t\t\t<\/div>","protected":false},"excerpt":{"rendered":"<p>V\u00d5TA \u00dcHENDUST SOS AUTOABIGA +372 5011737 \u00d5nnetuse korral pukseerime s\u00f5iduki meie t\u00f6\u00f6kotta TASUTA. Oluline info teenuste tellimisel SOS autoabi j\u00e4tab endale \u00f5iguse keelduda teenusest, kui klient ei suuda dokumentaalselt t\u00f5estada pukseeritava s\u00f5iduki omandit v\u00f5i kasutus\u00f5igust. Antud punkt laieneb ka siis, kui on oht, et tekkiva t\u00f6\u00f6 tulemusel v\u00f5ib saada kahjustada abi vajav s\u00f5iduk, m\u00f5ni l\u00e4hedal [&hellip;]<\/p>","protected":false},"author":1,"featured_media":0,"parent":0,"menu_order":0,"comment_status":"closed","ping_status":"closed","template":"","meta":{"footnotes":""},"class_list":["post-356","page","type-page","status-publish","hentry"],"yoast_head":"<!-- This site is optimized with the Yoast SEO plugin v27.1.1 - https:\/\/yoast.com\/product\/yoast-seo-wordpress\/ -->\n<title>Puksiiriabi - Revalgroup<\/title>\n<meta name=\"description\" content=\"Reval Group pakub tasuta puksiirabi s\u00f5iduki transportimisel t\u00f6\u00f6kotta. SOS autoabi kutsumiseks tuleb helistada telefonile 5011737\" \/>\n<meta name=\"robots\" content=\"index, follow, max-snippet:-1, max-image-preview:large, max-video-preview:-1\" \/>\n<link rel=\"canonical\" href=\"https:\/\/revalgroup.ee\/ru\/puksiiriabi\/\" \/>\n<meta property=\"og:locale\" content=\"ru_RU\" \/>\n<meta property=\"og:type\" content=\"article\" \/>\n<meta property=\"og:title\" content=\"Puksiiriabi - Revalgroup\" \/>\n<meta property=\"og:description\" content=\"Reval Group pakub tasuta puksiirabi s\u00f5iduki transportimisel t\u00f6\u00f6kotta. SOS autoabi kutsumiseks tuleb helistada telefonile 5011737\" \/>\n<meta property=\"og:url\" content=\"https:\/\/revalgroup.ee\/ru\/puksiiriabi\/\" \/>\n<meta property=\"og:site_name\" content=\"Revalgroup\" \/>\n<meta property=\"article:modified_time\" content=\"2024-03-09T12:59:24+00:00\" \/>\n<meta property=\"og:image\" content=\"https:\/\/revalgroup.ee\/wp-content\/uploads\/2023\/12\/sos-png.png\" \/>\n<meta name=\"twitter:card\" content=\"summary_large_image\" \/>\n<meta name=\"twitter:label1\" content=\"\u041f\u0440\u0438\u043c\u0435\u0440\u043d\u043e\u0435 \u0432\u0440\u0435\u043c\u044f \u0434\u043b\u044f \u0447\u0442\u0435\u043d\u0438\u044f\" \/>\n\t<meta name=\"twitter:data1\" content=\"1 \u043c\u0438\u043d\u0443\u0442\u0430\" \/>\n<script type=\"application\/ld+json\" class=\"yoast-schema-graph\">{\"@context\":\"https:\/\/schema.org\",\"@graph\":[{\"@type\":\"WebPage\",\"@id\":\"https:\/\/revalgroup.ee\/puksiiriabi\/\",\"url\":\"https:\/\/revalgroup.ee\/puksiiriabi\/\",\"name\":\"Puksiiriabi - Revalgroup\",\"isPartOf\":{\"@id\":\"https:\/\/revalgroup.ee\/#website\"},\"primaryImageOfPage\":{\"@id\":\"https:\/\/revalgroup.ee\/puksiiriabi\/#primaryimage\"},\"image\":{\"@id\":\"https:\/\/revalgroup.ee\/puksiiriabi\/#primaryimage\"},\"thumbnailUrl\":\"https:\/\/revalgroup.ee\/wp-content\/uploads\/2023\/12\/sos-png.png\",\"datePublished\":\"2023-06-20T06:24:42+00:00\",\"dateModified\":\"2024-03-09T12:59:24+00:00\",\"description\":\"Reval Group pakub tasuta puksiirabi s\u00f5iduki transportimisel t\u00f6\u00f6kotta. SOS autoabi kutsumiseks tuleb helistada telefonile 5011737\",\"breadcrumb\":{\"@id\":\"https:\/\/revalgroup.ee\/puksiiriabi\/#breadcrumb\"},\"inLanguage\":\"ru-RU\",\"potentialAction\":[{\"@type\":\"ReadAction\",\"target\":[\"https:\/\/revalgroup.ee\/puksiiriabi\/\"]}]},{\"@type\":\"ImageObject\",\"inLanguage\":\"ru-RU\",\"@id\":\"https:\/\/revalgroup.ee\/puksiiriabi\/#primaryimage\",\"url\":\"https:\/\/revalgroup.ee\/wp-content\/uploads\/2023\/12\/sos-png.png\",\"contentUrl\":\"https:\/\/revalgroup.ee\/wp-content\/uploads\/2023\/12\/sos-png.png\"},{\"@type\":\"BreadcrumbList\",\"@id\":\"https:\/\/revalgroup.ee\/puksiiriabi\/#breadcrumb\",\"itemListElement\":[{\"@type\":\"ListItem\",\"position\":1,\"name\":\"Esileht\",\"item\":\"https:\/\/revalgroup.ee\/\"},{\"@type\":\"ListItem\",\"position\":2,\"name\":\"Puksiiriabi\"}]},{\"@type\":\"WebSite\",\"@id\":\"https:\/\/revalgroup.ee\/#website\",\"url\":\"https:\/\/revalgroup.ee\/\",\"name\":\"Revalgroup\",\"description\":\"\",\"publisher\":{\"@id\":\"https:\/\/revalgroup.ee\/#organization\"},\"potentialAction\":[{\"@type\":\"SearchAction\",\"target\":{\"@type\":\"EntryPoint\",\"urlTemplate\":\"https:\/\/revalgroup.ee\/?s={search_term_string}\"},\"query-input\":{\"@type\":\"PropertyValueSpecification\",\"valueRequired\":true,\"valueName\":\"search_term_string\"}}],\"inLanguage\":\"ru-RU\"},{\"@type\":\"Organization\",\"@id\":\"https:\/\/revalgroup.ee\/#organization\",\"name\":\"Revalgroup\",\"url\":\"https:\/\/revalgroup.ee\/\",\"logo\":{\"@type\":\"ImageObject\",\"inLanguage\":\"ru-RU\",\"@id\":\"https:\/\/revalgroup.ee\/#\/schema\/logo\/image\/\",\"url\":\"https:\/\/revalgroup.ee\/wp-content\/uploads\/2023\/06\/revalgroup-logo-must1-ai.svg\",\"contentUrl\":\"https:\/\/revalgroup.ee\/wp-content\/uploads\/2023\/06\/revalgroup-logo-must1-ai.svg\",\"width\":902,\"height\":492,\"caption\":\"Revalgroup\"},\"image\":{\"@id\":\"https:\/\/revalgroup.ee\/#\/schema\/logo\/image\/\"}}]}<\/script>\n<!-- \/ Yoast SEO plugin. -->","yoast_head_json":{"title":"Puksiiriabi - Revalgroup","description":"Reval Group pakub tasuta puksiirabi s\u00f5iduki transportimisel t\u00f6\u00f6kotta. SOS autoabi kutsumiseks tuleb helistada telefonile 5011737","robots":{"index":"index","follow":"follow","max-snippet":"max-snippet:-1","max-image-preview":"max-image-preview:large","max-video-preview":"max-video-preview:-1"},"canonical":"https:\/\/revalgroup.ee\/ru\/puksiiriabi\/","og_locale":"ru_RU","og_type":"article","og_title":"Puksiiriabi - Revalgroup","og_description":"Reval Group pakub tasuta puksiirabi s\u00f5iduki transportimisel t\u00f6\u00f6kotta. SOS autoabi kutsumiseks tuleb helistada telefonile 5011737","og_url":"https:\/\/revalgroup.ee\/ru\/puksiiriabi\/","og_site_name":"Revalgroup","article_modified_time":"2024-03-09T12:59:24+00:00","og_image":[{"url":"https:\/\/revalgroup.ee\/wp-content\/uploads\/2023\/12\/sos-png.png","type":"","width":"","height":""}],"twitter_card":"summary_large_image","twitter_misc":{"\u041f\u0440\u0438\u043c\u0435\u0440\u043d\u043e\u0435 \u0432\u0440\u0435\u043c\u044f \u0434\u043b\u044f \u0447\u0442\u0435\u043d\u0438\u044f":"1 \u043c\u0438\u043d\u0443\u0442\u0430"},"schema":{"@context":"https:\/\/schema.org","@graph":[{"@type":"WebPage","@id":"https:\/\/revalgroup.ee\/puksiiriabi\/","url":"https:\/\/revalgroup.ee\/puksiiriabi\/","name":"Puksiiriabi - Revalgroup","isPartOf":{"@id":"https:\/\/revalgroup.ee\/#website"},"primaryImageOfPage":{"@id":"https:\/\/revalgroup.ee\/puksiiriabi\/#primaryimage"},"image":{"@id":"https:\/\/revalgroup.ee\/puksiiriabi\/#primaryimage"},"thumbnailUrl":"https:\/\/revalgroup.ee\/wp-content\/uploads\/2023\/12\/sos-png.png","datePublished":"2023-06-20T06:24:42+00:00","dateModified":"2024-03-09T12:59:24+00:00","description":"Reval Group pakub tasuta puksiirabi s\u00f5iduki transportimisel t\u00f6\u00f6kotta. SOS autoabi kutsumiseks tuleb helistada telefonile 5011737","breadcrumb":{"@id":"https:\/\/revalgroup.ee\/puksiiriabi\/#breadcrumb"},"inLanguage":"ru-RU","potentialAction":[{"@type":"ReadAction","target":["https:\/\/revalgroup.ee\/puksiiriabi\/"]}]},{"@type":"ImageObject","inLanguage":"ru-RU","@id":"https:\/\/revalgroup.ee\/puksiiriabi\/#primaryimage","url":"https:\/\/revalgroup.ee\/wp-content\/uploads\/2023\/12\/sos-png.png","contentUrl":"https:\/\/revalgroup.ee\/wp-content\/uploads\/2023\/12\/sos-png.png"},{"@type":"BreadcrumbList","@id":"https:\/\/revalgroup.ee\/puksiiriabi\/#breadcrumb","itemListElement":[{"@type":"ListItem","position":1,"name":"Esileht","item":"https:\/\/revalgroup.ee\/"},{"@type":"ListItem","position":2,"name":"Puksiiriabi"}]},{"@type":"WebSite","@id":"https:\/\/revalgroup.ee\/#website","url":"https:\/\/revalgroup.ee\/","name":"Revalgroup","description":"","publisher":{"@id":"https:\/\/revalgroup.ee\/#organization"},"potentialAction":[{"@type":"SearchAction","target":{"@type":"EntryPoint","urlTemplate":"https:\/\/revalgroup.ee\/?s={search_term_string}"},"query-input":{"@type":"PropertyValueSpecification","valueRequired":true,"valueName":"search_term_string"}}],"inLanguage":"ru-RU"},{"@type":"Organization","@id":"https:\/\/revalgroup.ee\/#organization","name":"Revalgroup","url":"https:\/\/revalgroup.ee\/","logo":{"@type":"ImageObject","inLanguage":"ru-RU","@id":"https:\/\/revalgroup.ee\/#\/schema\/logo\/image\/","url":"https:\/\/revalgroup.ee\/wp-content\/uploads\/2023\/06\/revalgroup-logo-must1-ai.svg","contentUrl":"https:\/\/revalgroup.ee\/wp-content\/uploads\/2023\/06\/revalgroup-logo-must1-ai.svg","width":902,"height":492,"caption":"Revalgroup"},"image":{"@id":"https:\/\/revalgroup.ee\/#\/schema\/logo\/image\/"}}]}},"_links":{"self":[{"href":"https:\/\/revalgroup.ee\/ru\/wp-json\/wp\/v2\/pages\/356","targetHints":{"allow":["GET"]}}],"collection":[{"href":"https:\/\/revalgroup.ee\/ru\/wp-json\/wp\/v2\/pages"}],"about":[{"href":"https:\/\/revalgroup.ee\/ru\/wp-json\/wp\/v2\/types\/page"}],"author":[{"embeddable":true,"href":"https:\/\/revalgroup.ee\/ru\/wp-json\/wp\/v2\/users\/1"}],"replies":[{"embeddable":true,"href":"https:\/\/revalgroup.ee\/ru\/wp-json\/wp\/v2\/comments?post=356"}],"version-history":[{"count":49,"href":"https:\/\/revalgroup.ee\/ru\/wp-json\/wp\/v2\/pages\/356\/revisions"}],"predecessor-version":[{"id":1418,"href":"https:\/\/revalgroup.ee\/ru\/wp-json\/wp\/v2\/pages\/356\/revisions\/1418"}],"wp:attachment":[{"href":"https:\/\/revalgroup.ee\/ru\/wp-json\/wp\/v2\/media?parent=356"}],"curies":[{"name":"wp","href":"https:\/\/api.w.org\/{rel}","templated":true}]}}